{"id":10749,"date":"2020-12-06T16:58:01","date_gmt":"2020-12-06T15:58:01","guid":{"rendered":"https:\/\/kulturbuero-radolfzell.de\/registration-for-participation-in-the-culture-night\/"},"modified":"2024-07-12T12:28:00","modified_gmt":"2024-07-12T10:28:00","slug":"registration-for-participation-in-the-culture-night","status":"publish","type":"page","link":"https:\/\/kulturbuero-radolfzell.de\/en\/registration-for-participation-in-the-culture-night\/","title":{"rendered":"Registration for participation in the Culture Night"},"content":{"rendered":"<p><strong>Registration  <\/strong><\/p>\n<p>Artists from Radolfzell and its districts who would like to present their works at the event or participate with an activity can register using the following form:  <\/p>\n<hr>\n<div class=\"wpcf7 no-js\" id=\"wpcf7-f11743-o1\" lang=\"en-US\" dir=\"ltr\" data-wpcf7-id=\"11743\">\n<div class=\"screen-reader-response\">\n<p role=\"status\" aria-live=\"polite\" aria-atomic=\"true\">\n<ul><\/ul>\n<\/div>\n<form action=\"\/en\/wp-json\/wp\/v2\/pages\/10749#wpcf7-f11743-o1\" method=\"post\" class=\"wpcf7-form init\" aria-label=\"Contact form\" novalidate=\"novalidate\" data-status=\"init\">\n<fieldset class=\"hidden-fields-container\"><input type=\"hidden\" name=\"_wpcf7\" value=\"11743\" \/><input type=\"hidden\" name=\"_wpcf7_version\" value=\"6.1.4\" \/><input type=\"hidden\" name=\"_wpcf7_locale\" value=\"en_US\" \/><input type=\"hidden\" name=\"_wpcf7_unit_tag\" value=\"wpcf7-f11743-o1\" \/><input type=\"hidden\" name=\"_wpcf7_container_post\" value=\"0\" \/><input type=\"hidden\" name=\"_wpcf7_posted_data_hash\" value=\"\" \/><br \/>\n<\/fieldset>\n<p><b>Personal data:<\/b>\n<\/p>\n<p> Name:*<span class=\"wpcf7-form-control-wrap\" data-name=\"Name\"><input size=\"40\" maxlength=\"400\" class=\"wpcf7-form-control wpcf7-text wpcf7-validates-as-required\" aria-required=\"true\" aria-invalid=\"false\" value=\"\" type=\"text\" name=\"Name\" \/><\/span>\n<\/p>\n<p>Address:*<span class=\"wpcf7-form-control-wrap\" data-name=\"Adresse\"><input size=\"40\" maxlength=\"400\" class=\"wpcf7-form-control wpcf7-text wpcf7-validates-as-required\" aria-required=\"true\" aria-invalid=\"false\" value=\"\" type=\"text\" name=\"Adresse\" \/><\/span>\n<\/p>\n<p>Postcode\/location:*<span class=\"wpcf7-form-control-wrap\" data-name=\"PLZOrt\"><input size=\"40\" maxlength=\"400\" class=\"wpcf7-form-control wpcf7-text wpcf7-validates-as-required\" aria-required=\"true\" aria-invalid=\"false\" value=\"\" type=\"text\" name=\"PLZOrt\" \/><\/span>\n<\/p>\n<p>Telephone number:*<span class=\"wpcf7-form-control-wrap\" data-name=\"Telefon\"><input size=\"40\" maxlength=\"400\" class=\"wpcf7-form-control wpcf7-text wpcf7-validates-as-required\" aria-required=\"true\" aria-invalid=\"false\" value=\"\" type=\"text\" name=\"Telefon\" \/><\/span>\n<\/p>\n<p>Mobile: <span class=\"wpcf7-form-control-wrap\" data-name=\"Mobil\"><input size=\"40\" maxlength=\"400\" class=\"wpcf7-form-control wpcf7-text\" aria-invalid=\"false\" value=\"\" type=\"text\" name=\"Mobil\" \/><\/span>\n<\/p>\n<p>E-Mail:*<span class=\"wpcf7-form-control-wrap\" data-name=\"E-Mail\"><input size=\"40\" maxlength=\"400\" class=\"wpcf7-form-control wpcf7-email wpcf7-validates-as-required wpcf7-text wpcf7-validates-as-email\" aria-required=\"true\" aria-invalid=\"false\" value=\"\" type=\"email\" name=\"E-Mail\" \/><\/span>\n<\/p>\n<hr \/>\n<p>\n<b><br \/>\n<\/b>\n<\/p>\n<hr \/>\n<p><b>Location:<\/b><br \/>\nMy action \/ my program takes place:\n<\/p>\n<div class=\"form\">\n<p><span class=\"wpcf7-form-control-wrap\" data-name=\"Ort\"><span class=\"wpcf7-form-control wpcf7-checkbox formular\" id=\"form\"><span class=\"wpcf7-list-item first last\"><label><input type=\"checkbox\" name=\"Ort[]\" value=\"Core city\" \/><span class=\"wpcf7-list-item-label\">Core city<\/span><\/label><\/span><\/span><\/span>\n\t<\/p>\n<\/div>\n<p>Address: <span class=\"wpcf7-form-control-wrap\" data-name=\"AusstellungsAdresse\"><input size=\"40\" maxlength=\"400\" class=\"wpcf7-form-control wpcf7-text\" aria-invalid=\"false\" value=\"\" type=\"text\" name=\"AusstellungsAdresse\" \/><\/span>\n<\/p>\n<p><strong> OR<\/strong>\n<\/p>\n<div class=\"form\">\n<p><span class=\"wpcf7-form-control-wrap\" data-name=\"NoOrt\"><span class=\"wpcf7-form-control wpcf7-checkbox formular\"><span class=\"wpcf7-list-item first last\"><label><input type=\"checkbox\" name=\"NoOrt[]\" value=\"I need an exhibition \/ event space\" \/><span class=\"wpcf7-list-item-label\">I need an exhibition \/ event space<\/span><\/label><\/span><\/span><\/span>\n\t<\/p>\n<\/div>\n<p>Wish: <span class=\"wpcf7-form-control-wrap\" data-name=\"WunschOrt\"><input size=\"40\" maxlength=\"400\" class=\"wpcf7-form-control wpcf7-text\" aria-invalid=\"false\" value=\"\" type=\"text\" name=\"WunschOrt\" \/><\/span>\n<\/p>\n<hr \/>\n<p><b>Order furniture:<\/b>\n<\/p>\n<div class=\"ordername\">\n<p>Partitions at 5,00\u20ac each:\n\t<\/p>\n<\/div>\n<div class=\"ordernum\">\n<p><span class=\"wpcf7-form-control-wrap\" data-name=\"Stellwaende\"><input class=\"wpcf7-form-control wpcf7-number wpcf7-validates-as-number order\" id=\"order\" min=\"0\" max=\"3\" aria-invalid=\"false\" placeholder=\"0\" value=\"\" type=\"number\" name=\"Stellwaende\" \/><\/span>\n\t<\/p>\n<\/div>\n<p>(Area to be equipped: 2.4 m x 1.2 m; maximum 3 partitions per artist)\n<\/p>\n<div class=\"ordername\">\n<p>Pedestals \u00e0 5,00\u20ac:\n\t<\/p>\n<\/div>\n<div class=\"ordernum\">\n<p><span class=\"wpcf7-form-control-wrap\" data-name=\"Podeste\"><input class=\"wpcf7-form-control wpcf7-number wpcf7-validates-as-number order\" min=\"0\" max=\"10\" aria-invalid=\"false\" placeholder=\"0\" value=\"\" type=\"number\" name=\"Podeste\" \/><\/span>\n\t<\/p>\n<\/div>\n<div class=\"ordername\">\n<p>Tables \/ bistro tables \/ bar tables \u00e0 5,00\u20ac:\n\t<\/p>\n<\/div>\n<div class=\"ordernum\">\n<p><span class=\"wpcf7-form-control-wrap\" data-name=\"Tische\"><input class=\"wpcf7-form-control wpcf7-number wpcf7-validates-as-number order\" min=\"0\" max=\"10\" aria-invalid=\"false\" placeholder=\"0\" value=\"\" type=\"number\" name=\"Tische\" \/><\/span>\n\t<\/p>\n<\/div>\n<div class=\"ordername\">\n<p>Chairs \u20ac 2.00 each;\n\t<\/p>\n<\/div>\n<div class=\"ordernum\">\n<p><span class=\"wpcf7-form-control-wrap\" data-name=\"Stuehle\"><input class=\"wpcf7-form-control wpcf7-number wpcf7-validates-as-number order\" min=\"0\" max=\"10\" aria-invalid=\"false\" placeholder=\"0\" value=\"\" type=\"number\" name=\"Stuehle\" \/><\/span>\n\t<\/p>\n<\/div>\n<div class=\"ordername\">\n<p>Construction spotlights at \u20ac 2.00 each:\n\t<\/p>\n<\/div>\n<div class=\"ordernum\">\n<p><span class=\"wpcf7-form-control-wrap\" data-name=\"Baustrahler\"><input class=\"wpcf7-form-control wpcf7-number wpcf7-validates-as-number order\" min=\"0\" max=\"10\" aria-invalid=\"false\" placeholder=\"0\" value=\"\" type=\"number\" name=\"Baustrahler\" \/><\/span>\n\t<\/p>\n<\/div>\n<div class=\"ordername\">\n<p>Light cubes at \u20ac 5.00 each:\n\t<\/p>\n<\/div>\n<div class=\"ordernum\">\n<p><span class=\"wpcf7-form-control-wrap\" data-name=\"Leuchtcubes\"><input class=\"wpcf7-form-control wpcf7-number wpcf7-validates-as-number order\" min=\"0\" max=\"10\" aria-invalid=\"false\" placeholder=\"0\" value=\"\" type=\"number\" name=\"Leuchtcubes\" \/><\/span>\n\t<\/p>\n<\/div>\n<div class=\"ordername\">\n<p>Lighting by external companies: \u20ac 23.80 (flat rate)\n\t<\/p>\n<\/div>\n<div class=\"ordernum\">\n<p><span class=\"wpcf7-form-control-wrap\" data-name=\"Beleuchtung\"><input class=\"wpcf7-form-control wpcf7-number wpcf7-validates-as-number order\" min=\"0\" max=\"10\" aria-invalid=\"false\" placeholder=\"0\" value=\"\" type=\"number\" name=\"Beleuchtung\" \/><\/span>\n\t<\/p>\n<\/div>\n<p> The above-mentioned rental fees are taxable. VAT (19%) is included in the fees. Damage to the partition walls will be charged by the Kulturb\u00fcro.\n<\/p>\n<p> There is only a limited number of exhibition walls available, these will be allocated according to the date of receipt of registration. If all the partition walls have already been allocated, the Cultural Office is under no obligation to provide replacements.\n<\/p>\n<hr \/>\n<h3>Advertising<br \/>\n<\/h3>\n<p>After submitting your registration, please enter the data for the homepage of the Kulturb\u00fcro by 04.08.2024 in the contact form on the Internet at www.kulturbuero-radolfzell.de\/Kulturnacht (Only these online registrations will be considered.) <b>Ordering advertising material:<\/b> Please indicate the number of advertising materials you can distribute. The display on the Culture Night itself must also be taken into account. Number of posters<span class=\"wpcf7-form-control-wrap\" data-name=\"Plakate\"><input class=\"wpcf7-form-control wpcf7-number wpcf7-validates-as-number\" min=\"0\" max=\"10\" aria-invalid=\"false\" placeholder=\"0\" value=\"\" type=\"number\" name=\"Plakate\" \/><\/span> Number of flyers<span class=\"wpcf7-form-control-wrap\" data-name=\"Programmhefte\"><input class=\"wpcf7-form-control wpcf7-number wpcf7-validates-as-number\" aria-invalid=\"false\" placeholder=\"0\" value=\"\" type=\"number\" name=\"Programmhefte\" \/><\/span>\n<\/p>\n<p><strong>The ordered advertising material can probably be picked up from September 11, 2024 at the Kulturb\u00fcro Radolfzell; G\u00fcttingerstra\u00dfe 13; 78315 Radolfzell.<\/strong><i>If the budget for the advertising material is exceeded due to the ever-increasing order quantity, the order of all artists will be reduced by the cultural office on a percentage basis<\/i><br \/>\n<span class=\"wpcf7-form-control-wrap\" data-name=\"ProgrammheftPDF\"><span class=\"wpcf7-form-control wpcf7-checkbox\"><span class=\"wpcf7-list-item first last\"><input type=\"checkbox\" name=\"ProgrammheftPDF[]\" value=\"I would like to receive the flyer as a PDF file:\" \/><span class=\"wpcf7-list-item-label\">I would like to receive the flyer as a PDF file:<\/span><\/span><\/span><\/span> E-Mail: <span class=\"wpcf7-form-control-wrap\" data-name=\"PorgrammPDFE-Mail\"><input size=\"40\" maxlength=\"400\" class=\"wpcf7-form-control wpcf7-email wpcf7-text wpcf7-validates-as-email\" aria-invalid=\"false\" value=\"\" type=\"email\" name=\"PorgrammPDFE-Mail\" \/><\/span>\n<\/p>\n<hr \/>\n<p><span class=\"wpcf7-form-control-wrap\" data-name=\"Zustimmung\"><span class=\"wpcf7-form-control wpcf7-checkbox wpcf7-validates-as-required\"><span class=\"wpcf7-list-item first last\"><input type=\"checkbox\" name=\"Zustimmung[]\" value=\"The above points and\" \/><span class=\"wpcf7-list-item-label\">The above points and<\/span><\/span><\/span><\/span> the<br \/>\nI hereby agree to the<a href=\"https:\/\/kulturbuero-radolfzell.de\/wp-content\/uploads\/sites\/9\/2024\/07\/KNR24_Teilnahmebedingungen-1.pdf\" target=\"_blank\">conditions of participation<\/a> of the Kulturnacht* <input class=\"wpcf7-form-control wpcf7-submit has-spinner\" type=\"submit\" value=\"Send\" \/>\n<\/p>\n<div class=\"wpcf7-response-output\" aria-hidden=\"true\"><\/div>\n<\/form>\n<\/div>\n","protected":false},"excerpt":{"rendered":"<p>Registration Artists from Radolfzell and its districts who would like to present their works at the event or participate with [&hellip;]<\/p>\n","protected":false},"author":1,"featured_media":0,"parent":0,"menu_order":0,"comment_status":"closed","ping_status":"closed","template":"page-layout1.php","meta":{"_price":"","_stock":"","_tribe_ticket_header":"","_tribe_default_ticket_provider":"","_ticket_start_date":"","_ticket_end_date":"","_tribe_ticket_show_description":"","_tribe_ticket_show_not_going":false,"_tribe_ticket_use_global_stock":"","_tribe_ticket_global_stock_level":"","_global_stock_mode":"","_global_stock_cap":"","_tribe_rsvp_for_event":"","_tribe_ticket_going_count":"","_tribe_ticket_not_going_count":"","_tribe_tickets_list":"[]","_tribe_ticket_has_attendee_info_fields":false,"footnotes":""},"class_list":["post-10749","page","type-page","status-publish","hentry"],"yoast_head":"<!-- This site is optimized with the Yoast SEO plugin v26.7 - https:\/\/yoast.com\/wordpress\/plugins\/seo\/ -->\n<title>Registration for participation in the Culture Night | Kulturb\u00fcro Radolfzell<\/title>\n<meta name=\"robots\" content=\"index, follow, max-snippet:-1, max-image-preview:large, max-video-preview:-1\" \/>\n<link rel=\"canonical\" href=\"https:\/\/kulturbuero-radolfzell.de\/en\/registration-for-participation-in-the-culture-night\/\" \/>\n<meta property=\"og:locale\" content=\"en_US\" \/>\n<meta property=\"og:type\" content=\"article\" \/>\n<meta property=\"og:title\" content=\"Registration for participation in the Culture Night | Kulturb\u00fcro Radolfzell\" \/>\n<meta property=\"og:description\" content=\"Registration Artists from Radolfzell and its districts who would like to present their works at the event or participate with [&hellip;]\" \/>\n<meta property=\"og:url\" content=\"https:\/\/kulturbuero-radolfzell.de\/en\/registration-for-participation-in-the-culture-night\/\" \/>\n<meta property=\"og:site_name\" content=\"Kulturb\u00fcro\" \/>\n<meta property=\"article:modified_time\" content=\"2024-07-12T10:28:00+00:00\" \/>\n<meta name=\"twitter:card\" content=\"summary_large_image\" \/>\n<script type=\"application\/ld+json\" class=\"yoast-schema-graph\">{\"@context\":\"https:\/\/schema.org\",\"@graph\":[{\"@type\":\"WebPage\",\"@id\":\"https:\/\/kulturbuero-radolfzell.de\/en\/registration-for-participation-in-the-culture-night\/\",\"url\":\"https:\/\/kulturbuero-radolfzell.de\/en\/registration-for-participation-in-the-culture-night\/\",\"name\":\"Registration for participation in the Culture Night | Kulturb\u00fcro Radolfzell\",\"isPartOf\":{\"@id\":\"https:\/\/kulturbuero-radolfzell.de\/en\/#website\"},\"datePublished\":\"2020-12-06T15:58:01+00:00\",\"dateModified\":\"2024-07-12T10:28:00+00:00\",\"breadcrumb\":{\"@id\":\"https:\/\/kulturbuero-radolfzell.de\/en\/registration-for-participation-in-the-culture-night\/#breadcrumb\"},\"inLanguage\":\"en-US\",\"potentialAction\":[{\"@type\":\"ReadAction\",\"target\":[\"https:\/\/kulturbuero-radolfzell.de\/en\/registration-for-participation-in-the-culture-night\/\"]}]},{\"@type\":\"BreadcrumbList\",\"@id\":\"https:\/\/kulturbuero-radolfzell.de\/en\/registration-for-participation-in-the-culture-night\/#breadcrumb\",\"itemListElement\":[{\"@type\":\"ListItem\",\"position\":1,\"name\":\"Startseite\",\"item\":\"https:\/\/kulturbuero-radolfzell.de\/en\/home-page\/\"},{\"@type\":\"ListItem\",\"position\":2,\"name\":\"Registration for participation in the Culture Night\"}]},{\"@type\":\"WebSite\",\"@id\":\"https:\/\/kulturbuero-radolfzell.de\/en\/#website\",\"url\":\"https:\/\/kulturbuero-radolfzell.de\/en\/\",\"name\":\"Kulturb\u00fcro\",\"description\":\"\",\"publisher\":{\"@id\":\"https:\/\/kulturbuero-radolfzell.de\/en\/#organization\"},\"potentialAction\":[{\"@type\":\"SearchAction\",\"target\":{\"@type\":\"EntryPoint\",\"urlTemplate\":\"https:\/\/kulturbuero-radolfzell.de\/en\/?s={search_term_string}\"},\"query-input\":{\"@type\":\"PropertyValueSpecification\",\"valueRequired\":true,\"valueName\":\"search_term_string\"}}],\"inLanguage\":\"en-US\"},{\"@type\":\"Organization\",\"@id\":\"https:\/\/kulturbuero-radolfzell.de\/en\/#organization\",\"name\":\"Kulturb\u00fcro Radolfzell\",\"url\":\"https:\/\/kulturbuero-radolfzell.de\/en\/\",\"logo\":{\"@type\":\"ImageObject\",\"inLanguage\":\"en-US\",\"@id\":\"https:\/\/kulturbuero-radolfzell.de\/en\/#\/schema\/logo\/image\/\",\"url\":\"https:\/\/kulturbuero-radolfzell.de\/wp-content\/uploads\/sites\/9\/2018\/11\/logo.png\",\"contentUrl\":\"https:\/\/kulturbuero-radolfzell.de\/wp-content\/uploads\/sites\/9\/2018\/11\/logo.png\",\"width\":500,\"height\":251,\"caption\":\"Kulturb\u00fcro Radolfzell\"},\"image\":{\"@id\":\"https:\/\/kulturbuero-radolfzell.de\/en\/#\/schema\/logo\/image\/\"}}]}<\/script>\n<!-- \/ Yoast SEO plugin. -->","yoast_head_json":{"title":"Registration for participation in the Culture Night | Kulturb\u00fcro Radolfzell","robots":{"index":"index","follow":"follow","max-snippet":"max-snippet:-1","max-image-preview":"max-image-preview:large","max-video-preview":"max-video-preview:-1"},"canonical":"https:\/\/kulturbuero-radolfzell.de\/en\/registration-for-participation-in-the-culture-night\/","og_locale":"en_US","og_type":"article","og_title":"Registration for participation in the Culture Night | Kulturb\u00fcro Radolfzell","og_description":"Registration Artists from Radolfzell and its districts who would like to present their works at the event or participate with [&hellip;]","og_url":"https:\/\/kulturbuero-radolfzell.de\/en\/registration-for-participation-in-the-culture-night\/","og_site_name":"Kulturb\u00fcro","article_modified_time":"2024-07-12T10:28:00+00:00","twitter_card":"summary_large_image","schema":{"@context":"https:\/\/schema.org","@graph":[{"@type":"WebPage","@id":"https:\/\/kulturbuero-radolfzell.de\/en\/registration-for-participation-in-the-culture-night\/","url":"https:\/\/kulturbuero-radolfzell.de\/en\/registration-for-participation-in-the-culture-night\/","name":"Registration for participation in the Culture Night | Kulturb\u00fcro Radolfzell","isPartOf":{"@id":"https:\/\/kulturbuero-radolfzell.de\/en\/#website"},"datePublished":"2020-12-06T15:58:01+00:00","dateModified":"2024-07-12T10:28:00+00:00","breadcrumb":{"@id":"https:\/\/kulturbuero-radolfzell.de\/en\/registration-for-participation-in-the-culture-night\/#breadcrumb"},"inLanguage":"en-US","potentialAction":[{"@type":"ReadAction","target":["https:\/\/kulturbuero-radolfzell.de\/en\/registration-for-participation-in-the-culture-night\/"]}]},{"@type":"BreadcrumbList","@id":"https:\/\/kulturbuero-radolfzell.de\/en\/registration-for-participation-in-the-culture-night\/#breadcrumb","itemListElement":[{"@type":"ListItem","position":1,"name":"Startseite","item":"https:\/\/kulturbuero-radolfzell.de\/en\/home-page\/"},{"@type":"ListItem","position":2,"name":"Registration for participation in the Culture Night"}]},{"@type":"WebSite","@id":"https:\/\/kulturbuero-radolfzell.de\/en\/#website","url":"https:\/\/kulturbuero-radolfzell.de\/en\/","name":"Kulturb\u00fcro","description":"","publisher":{"@id":"https:\/\/kulturbuero-radolfzell.de\/en\/#organization"},"potentialAction":[{"@type":"SearchAction","target":{"@type":"EntryPoint","urlTemplate":"https:\/\/kulturbuero-radolfzell.de\/en\/?s={search_term_string}"},"query-input":{"@type":"PropertyValueSpecification","valueRequired":true,"valueName":"search_term_string"}}],"inLanguage":"en-US"},{"@type":"Organization","@id":"https:\/\/kulturbuero-radolfzell.de\/en\/#organization","name":"Kulturb\u00fcro Radolfzell","url":"https:\/\/kulturbuero-radolfzell.de\/en\/","logo":{"@type":"ImageObject","inLanguage":"en-US","@id":"https:\/\/kulturbuero-radolfzell.de\/en\/#\/schema\/logo\/image\/","url":"https:\/\/kulturbuero-radolfzell.de\/wp-content\/uploads\/sites\/9\/2018\/11\/logo.png","contentUrl":"https:\/\/kulturbuero-radolfzell.de\/wp-content\/uploads\/sites\/9\/2018\/11\/logo.png","width":500,"height":251,"caption":"Kulturb\u00fcro Radolfzell"},"image":{"@id":"https:\/\/kulturbuero-radolfzell.de\/en\/#\/schema\/logo\/image\/"}}]}},"_links":{"self":[{"href":"https:\/\/kulturbuero-radolfzell.de\/en\/wp-json\/wp\/v2\/pages\/10749","targetHints":{"allow":["GET"]}}],"collection":[{"href":"https:\/\/kulturbuero-radolfzell.de\/en\/wp-json\/wp\/v2\/pages"}],"about":[{"href":"https:\/\/kulturbuero-radolfzell.de\/en\/wp-json\/wp\/v2\/types\/page"}],"author":[{"embeddable":true,"href":"https:\/\/kulturbuero-radolfzell.de\/en\/wp-json\/wp\/v2\/users\/1"}],"replies":[{"embeddable":true,"href":"https:\/\/kulturbuero-radolfzell.de\/en\/wp-json\/wp\/v2\/comments?post=10749"}],"version-history":[{"count":5,"href":"https:\/\/kulturbuero-radolfzell.de\/en\/wp-json\/wp\/v2\/pages\/10749\/revisions"}],"predecessor-version":[{"id":11764,"href":"https:\/\/kulturbuero-radolfzell.de\/en\/wp-json\/wp\/v2\/pages\/10749\/revisions\/11764"}],"wp:attachment":[{"href":"https:\/\/kulturbuero-radolfzell.de\/en\/wp-json\/wp\/v2\/media?parent=10749"}],"curies":[{"name":"wp","href":"https:\/\/api.w.org\/{rel}","templated":true}]}}