{"id":10694,"date":"2018-11-27T23:15:10","date_gmt":"2018-11-27T22:15:10","guid":{"rendered":"https:\/\/kulturbuero-radolfzell.de\/promotion-de-la-culture\/"},"modified":"2024-11-14T09:43:30","modified_gmt":"2024-11-14T08:43:30","slug":"promotion-de-la-culture","status":"publish","type":"page","link":"https:\/\/kulturbuero-radolfzell.de\/fr\/promotion-de-la-culture\/","title":{"rendered":"Promotion de la culture"},"content":{"rendered":"<p>La ville de Radolfzell am Bodensee soutient la diversit\u00e9 r\u00e9gionale des associations artistiques, culturelles et \u00e9ducatives, notamment en ce qui concerne leur travail aupr\u00e8s des jeunes.<br \/>\nLe bureau de la culture et l&rsquo;\u00e9cole de musique sont les interlocuteurs pour les aides aux associations culturelles ayant leur si\u00e8ge \u00e0 Radolfzell ainsi que pour le soutien municipal aux initiatives et projets culturels.<\/p>\n<p>De plus, le Bureau de la Culture d\u00e9cerne la Voile de Concert pour donner une sc\u00e8ne \u00e0 la diversit\u00e9 de la culture. Vous trouverez <a href=\"https:\/\/kulturbuero-radolfzell.de\/fr\/voile-de-concert\/\">ici<\/a> le lien pour r\u00e9server une voile de concert. <\/p>\n<h2>Lignes directrices pour la promotion de la culture dans la ville de Radolfzell<\/h2>\n<p>Les demandes de subventions pour la promotion d&rsquo;associations et de projets concrets d&rsquo;utilit\u00e9 publique peuvent toujours \u00eatre introduites au plus tard le 31 mai de l&rsquo;ann\u00e9e pr\u00e9c\u00e9dente, au cours de laquelle le projet doit \u00eatre lanc\u00e9.<\/p>\n<p>Vous trouverez les directives de financement actuelles et les formulaires de demande interactifs sous Liens.<\/p>\n<ul>\n<li>Pour les demandes de subventions pour la promotion des associations (subvention de base) d&rsquo;un montant de 150,- \u20ac, nous vous prions de nous faire parvenir votre demande de mani\u00e8re informelle par courrier. Pour chaque enfant\/jeune de moins de 18 ans, vous recevez en plus une subvention de 18,- \u20ac. Veuillez ensuite joindre \u00e0 votre demande de subvention pour association la \u00ab\u00a0liste des jeunes d&rsquo;une association en 2023\u00a0\u00bb et la \u00ab\u00a0d\u00e9claration de respect de la loi f\u00e9d\u00e9rale sur la protection des enfants\u00a0\u00bb. Vous trouverez \u00e9galement une liste vierge et l&rsquo;explication sous Liens.<\/li>\n<li>Pour les demandes de soutien de projets culturels d&rsquo;utilit\u00e9 publique, veuillez utiliser le formulaire \u00ab\u00a0Demande de subventions pour le soutien de projets ouverts\u00a0\u00bb. Les projets artistiques et culturels publics sont soutenus selon le principe de subsidiarit\u00e9. C&rsquo;est-\u00e0-dire que la subvention municipale possible se situe au maximum \u00e0 30 % des co\u00fbts du projet et ne doit pas d\u00e9passer le montant du d\u00e9ficit. La subvention municipale pour les projets ouverts est plafonn\u00e9e \u00e0 2.500 \u20ac par demande.<\/li>\n<li>Pour les demandes de subvention de construction, veuillez utiliser le formulaire \u00ab\u00a0Demande de subvention de construction\u00a0\u00bb.<\/li>\n<li>Lors des anniversaires d&rsquo;associations, une association re\u00e7oit un cadeau d&rsquo;anniversaire par tranche de 25 ans d&rsquo;existence. Pour ce faire, veuillez nous envoyer une lettre informelle.<\/li>\n<li>Il est \u00e9galement possible d&rsquo;octroyer une subvention couvrant l&rsquo;utilisation du centre de congr\u00e8s Milchwerk pour des manifestations culturelles propres qui servent les objectifs de l&rsquo;association. Pour ce faire, veuillez nous envoyer une lettre informelle.<\/li>\n<\/ul>\n<p>Les demandes peuvent \u00eatre remplies num\u00e9riquement, mais doivent parvenir au bureau culturel dans les d\u00e9lais impartis, accompagn\u00e9es de la signature du demandeur. L&rsquo;adresse postale pour les demandes et les lettres est la suivante : Stadtverwaltung Radolfzell, Kulturb\u00fcro, Marktplatz 2, 78315 Radolfzell am Bodensee.<\/p>\n<p>Pour plus d&rsquo;informations sur l&rsquo;octroi des subventions, veuillez consulter la directive actuelle sur les subventions de la ville de Radolfzell am Bodensee dans les domaines de la culture, du sport, du social et de l&rsquo;int\u00e9r\u00eat g\u00e9n\u00e9ral. Vous trouverez ces directives de subvention sous la rubrique \u00ab\u00a0Liens\u00a0\u00bb.<\/p>\n<p>Les subventions sont vers\u00e9es apr\u00e8s examen et vote des demandes par le conseil municipal et apr\u00e8s validation du budget de l&rsquo;ann\u00e9e suivante (2026).<\/p>\n<p>N&rsquo;h\u00e9sitez pas \u00e0 contacter le bureau culturel si vous avez besoin d&rsquo;aide pour d\u00e9poser votre demande ou si vous avez des questions. Vous pouvez nous contacter au num\u00e9ro de t\u00e9l\u00e9phone : 07732\/81-374 aux heures d&rsquo;ouverture du bureau culturel (lun-jeu. 8h00 &#8211; 12h00 et 14h00 &#8211; 16h00 ; ven. 8h00 &#8211; 12h00) ou par e-mail \u00e0 kulturbuero@radolfzell.de.<\/p>\n","protected":false},"excerpt":{"rendered":"<p>La ville de Radolfzell am Bodensee soutient la diversit\u00e9 r\u00e9gionale des associations artistiques, culturelles et \u00e9ducatives, notamment en ce qui [&hellip;]<\/p>\n","protected":false},"author":1,"featured_media":0,"parent":0,"menu_order":0,"comment_status":"closed","ping_status":"closed","template":"page-layout1.php","meta":{"_price":"","_stock":"","_tribe_ticket_header":"","_tribe_default_ticket_provider":"","_ticket_start_date":"","_ticket_end_date":"","_tribe_ticket_show_description":"","_tribe_ticket_show_not_going":false,"_tribe_ticket_use_global_stock":"","_tribe_ticket_global_stock_level":"","_global_stock_mode":"","_global_stock_cap":"","_tribe_rsvp_for_event":"","_tribe_ticket_going_count":"","_tribe_ticket_not_going_count":"","_tribe_tickets_list":"[]","_tribe_ticket_has_attendee_info_fields":false,"footnotes":""},"class_list":["post-10694","page","type-page","status-publish","hentry"],"yoast_head":"<!-- This site is optimized with the Yoast SEO plugin v26.7 - https:\/\/yoast.com\/wordpress\/plugins\/seo\/ -->\n<title>Promotion de la culture | Kulturb\u00fcro Radolfzell<\/title>\n<meta name=\"robots\" content=\"index, follow, max-snippet:-1, max-image-preview:large, max-video-preview:-1\" \/>\n<link rel=\"canonical\" href=\"https:\/\/kulturbuero-radolfzell.de\/fr\/promotion-de-la-culture\/\" \/>\n<meta property=\"og:locale\" content=\"fr_FR\" \/>\n<meta property=\"og:type\" content=\"article\" \/>\n<meta property=\"og:title\" content=\"Promotion de la culture | Kulturb\u00fcro Radolfzell\" \/>\n<meta property=\"og:description\" content=\"La ville de Radolfzell am Bodensee soutient la diversit\u00e9 r\u00e9gionale des associations artistiques, culturelles et \u00e9ducatives, notamment en ce qui [&hellip;]\" \/>\n<meta property=\"og:url\" content=\"https:\/\/kulturbuero-radolfzell.de\/fr\/promotion-de-la-culture\/\" \/>\n<meta property=\"og:site_name\" content=\"Kulturb\u00fcro\" \/>\n<meta property=\"article:modified_time\" content=\"2024-11-14T08:43:30+00:00\" \/>\n<meta name=\"twitter:card\" content=\"summary_large_image\" \/>\n<meta name=\"twitter:label1\" content=\"Dur\u00e9e de lecture estim\u00e9e\" \/>\n\t<meta name=\"twitter:data1\" content=\"3 minutes\" \/>\n<script type=\"application\/ld+json\" class=\"yoast-schema-graph\">{\"@context\":\"https:\/\/schema.org\",\"@graph\":[{\"@type\":\"WebPage\",\"@id\":\"https:\/\/kulturbuero-radolfzell.de\/fr\/promotion-de-la-culture\/\",\"url\":\"https:\/\/kulturbuero-radolfzell.de\/fr\/promotion-de-la-culture\/\",\"name\":\"Promotion de la culture | Kulturb\u00fcro Radolfzell\",\"isPartOf\":{\"@id\":\"https:\/\/kulturbuero-radolfzell.de\/fr\/#website\"},\"datePublished\":\"2018-11-27T22:15:10+00:00\",\"dateModified\":\"2024-11-14T08:43:30+00:00\",\"breadcrumb\":{\"@id\":\"https:\/\/kulturbuero-radolfzell.de\/fr\/promotion-de-la-culture\/#breadcrumb\"},\"inLanguage\":\"fr-FR\",\"potentialAction\":[{\"@type\":\"ReadAction\",\"target\":[\"https:\/\/kulturbuero-radolfzell.de\/fr\/promotion-de-la-culture\/\"]}]},{\"@type\":\"BreadcrumbList\",\"@id\":\"https:\/\/kulturbuero-radolfzell.de\/fr\/promotion-de-la-culture\/#breadcrumb\",\"itemListElement\":[{\"@type\":\"ListItem\",\"position\":1,\"name\":\"Startseite\",\"item\":\"https:\/\/kulturbuero-radolfzell.de\/fr\/page-daccueil\/\"},{\"@type\":\"ListItem\",\"position\":2,\"name\":\"Promotion de la culture\"}]},{\"@type\":\"WebSite\",\"@id\":\"https:\/\/kulturbuero-radolfzell.de\/fr\/#website\",\"url\":\"https:\/\/kulturbuero-radolfzell.de\/fr\/\",\"name\":\"Kulturb\u00fcro\",\"description\":\"\",\"publisher\":{\"@id\":\"https:\/\/kulturbuero-radolfzell.de\/fr\/#organization\"},\"potentialAction\":[{\"@type\":\"SearchAction\",\"target\":{\"@type\":\"EntryPoint\",\"urlTemplate\":\"https:\/\/kulturbuero-radolfzell.de\/fr\/?s={search_term_string}\"},\"query-input\":{\"@type\":\"PropertyValueSpecification\",\"valueRequired\":true,\"valueName\":\"search_term_string\"}}],\"inLanguage\":\"fr-FR\"},{\"@type\":\"Organization\",\"@id\":\"https:\/\/kulturbuero-radolfzell.de\/fr\/#organization\",\"name\":\"Kulturb\u00fcro Radolfzell\",\"url\":\"https:\/\/kulturbuero-radolfzell.de\/fr\/\",\"logo\":{\"@type\":\"ImageObject\",\"inLanguage\":\"fr-FR\",\"@id\":\"https:\/\/kulturbuero-radolfzell.de\/fr\/#\/schema\/logo\/image\/\",\"url\":\"https:\/\/kulturbuero-radolfzell.de\/wp-content\/uploads\/sites\/9\/2018\/11\/logo.png\",\"contentUrl\":\"https:\/\/kulturbuero-radolfzell.de\/wp-content\/uploads\/sites\/9\/2018\/11\/logo.png\",\"width\":500,\"height\":251,\"caption\":\"Kulturb\u00fcro Radolfzell\"},\"image\":{\"@id\":\"https:\/\/kulturbuero-radolfzell.de\/fr\/#\/schema\/logo\/image\/\"}}]}<\/script>\n<!-- \/ Yoast SEO plugin. -->","yoast_head_json":{"title":"Promotion de la culture | Kulturb\u00fcro Radolfzell","robots":{"index":"index","follow":"follow","max-snippet":"max-snippet:-1","max-image-preview":"max-image-preview:large","max-video-preview":"max-video-preview:-1"},"canonical":"https:\/\/kulturbuero-radolfzell.de\/fr\/promotion-de-la-culture\/","og_locale":"fr_FR","og_type":"article","og_title":"Promotion de la culture | Kulturb\u00fcro Radolfzell","og_description":"La ville de Radolfzell am Bodensee soutient la diversit\u00e9 r\u00e9gionale des associations artistiques, culturelles et \u00e9ducatives, notamment en ce qui [&hellip;]","og_url":"https:\/\/kulturbuero-radolfzell.de\/fr\/promotion-de-la-culture\/","og_site_name":"Kulturb\u00fcro","article_modified_time":"2024-11-14T08:43:30+00:00","twitter_card":"summary_large_image","twitter_misc":{"Dur\u00e9e de lecture estim\u00e9e":"3 minutes"},"schema":{"@context":"https:\/\/schema.org","@graph":[{"@type":"WebPage","@id":"https:\/\/kulturbuero-radolfzell.de\/fr\/promotion-de-la-culture\/","url":"https:\/\/kulturbuero-radolfzell.de\/fr\/promotion-de-la-culture\/","name":"Promotion de la culture | Kulturb\u00fcro Radolfzell","isPartOf":{"@id":"https:\/\/kulturbuero-radolfzell.de\/fr\/#website"},"datePublished":"2018-11-27T22:15:10+00:00","dateModified":"2024-11-14T08:43:30+00:00","breadcrumb":{"@id":"https:\/\/kulturbuero-radolfzell.de\/fr\/promotion-de-la-culture\/#breadcrumb"},"inLanguage":"fr-FR","potentialAction":[{"@type":"ReadAction","target":["https:\/\/kulturbuero-radolfzell.de\/fr\/promotion-de-la-culture\/"]}]},{"@type":"BreadcrumbList","@id":"https:\/\/kulturbuero-radolfzell.de\/fr\/promotion-de-la-culture\/#breadcrumb","itemListElement":[{"@type":"ListItem","position":1,"name":"Startseite","item":"https:\/\/kulturbuero-radolfzell.de\/fr\/page-daccueil\/"},{"@type":"ListItem","position":2,"name":"Promotion de la culture"}]},{"@type":"WebSite","@id":"https:\/\/kulturbuero-radolfzell.de\/fr\/#website","url":"https:\/\/kulturbuero-radolfzell.de\/fr\/","name":"Kulturb\u00fcro","description":"","publisher":{"@id":"https:\/\/kulturbuero-radolfzell.de\/fr\/#organization"},"potentialAction":[{"@type":"SearchAction","target":{"@type":"EntryPoint","urlTemplate":"https:\/\/kulturbuero-radolfzell.de\/fr\/?s={search_term_string}"},"query-input":{"@type":"PropertyValueSpecification","valueRequired":true,"valueName":"search_term_string"}}],"inLanguage":"fr-FR"},{"@type":"Organization","@id":"https:\/\/kulturbuero-radolfzell.de\/fr\/#organization","name":"Kulturb\u00fcro Radolfzell","url":"https:\/\/kulturbuero-radolfzell.de\/fr\/","logo":{"@type":"ImageObject","inLanguage":"fr-FR","@id":"https:\/\/kulturbuero-radolfzell.de\/fr\/#\/schema\/logo\/image\/","url":"https:\/\/kulturbuero-radolfzell.de\/wp-content\/uploads\/sites\/9\/2018\/11\/logo.png","contentUrl":"https:\/\/kulturbuero-radolfzell.de\/wp-content\/uploads\/sites\/9\/2018\/11\/logo.png","width":500,"height":251,"caption":"Kulturb\u00fcro Radolfzell"},"image":{"@id":"https:\/\/kulturbuero-radolfzell.de\/fr\/#\/schema\/logo\/image\/"}}]}},"_links":{"self":[{"href":"https:\/\/kulturbuero-radolfzell.de\/fr\/wp-json\/wp\/v2\/pages\/10694","targetHints":{"allow":["GET"]}}],"collection":[{"href":"https:\/\/kulturbuero-radolfzell.de\/fr\/wp-json\/wp\/v2\/pages"}],"about":[{"href":"https:\/\/kulturbuero-radolfzell.de\/fr\/wp-json\/wp\/v2\/types\/page"}],"author":[{"embeddable":true,"href":"https:\/\/kulturbuero-radolfzell.de\/fr\/wp-json\/wp\/v2\/users\/1"}],"replies":[{"embeddable":true,"href":"https:\/\/kulturbuero-radolfzell.de\/fr\/wp-json\/wp\/v2\/comments?post=10694"}],"version-history":[{"count":3,"href":"https:\/\/kulturbuero-radolfzell.de\/fr\/wp-json\/wp\/v2\/pages\/10694\/revisions"}],"predecessor-version":[{"id":12471,"href":"https:\/\/kulturbuero-radolfzell.de\/fr\/wp-json\/wp\/v2\/pages\/10694\/revisions\/12471"}],"wp:attachment":[{"href":"https:\/\/kulturbuero-radolfzell.de\/fr\/wp-json\/wp\/v2\/media?parent=10694"}],"curies":[{"name":"wp","href":"https:\/\/api.w.org\/{rel}","templated":true}]}}