{"id":10750,"date":"2020-12-06T16:58:01","date_gmt":"2020-12-06T15:58:01","guid":{"rendered":"https:\/\/kulturbuero-radolfzell.de\/inscription-pour-participer-a-la-nuit-de-la-culture\/"},"modified":"2024-07-12T12:28:01","modified_gmt":"2024-07-12T10:28:01","slug":"inscription-pour-participer-a-la-nuit-de-la-culture","status":"publish","type":"page","link":"https:\/\/kulturbuero-radolfzell.de\/fr\/inscription-pour-participer-a-la-nuit-de-la-culture\/","title":{"rendered":"Inscription pour participer \u00e0 la Nuit de la culture"},"content":{"rendered":"<p><strong>Inscription  <\/strong><\/p>\n<p>Les artistes de Radolfzell et de ses quartiers qui souhaitent pr\u00e9senter leurs \u0153uvres lors de l&rsquo;\u00e9v\u00e9nement ou y participer par une action peuvent s&rsquo;inscrire en remplissant le formulaire ci-dessous :  <\/p>\n<hr>\n<div class=\"wpcf7 no-js\" id=\"wpcf7-f11744-o1\" lang=\"fr-FR\" dir=\"ltr\" data-wpcf7-id=\"11744\">\n<div class=\"screen-reader-response\">\n<p role=\"status\" aria-live=\"polite\" aria-atomic=\"true\">\n<ul><\/ul>\n<\/div>\n<form action=\"\/fr\/wp-json\/wp\/v2\/pages\/10750#wpcf7-f11744-o1\" method=\"post\" class=\"wpcf7-form init\" aria-label=\"Formulaire de contact\" novalidate=\"novalidate\" data-status=\"init\">\n<fieldset class=\"hidden-fields-container\"><input type=\"hidden\" name=\"_wpcf7\" value=\"11744\" \/><input type=\"hidden\" name=\"_wpcf7_version\" value=\"6.1.4\" \/><input type=\"hidden\" name=\"_wpcf7_locale\" value=\"fr_FR\" \/><input type=\"hidden\" name=\"_wpcf7_unit_tag\" value=\"wpcf7-f11744-o1\" \/><input type=\"hidden\" name=\"_wpcf7_container_post\" value=\"0\" \/><input type=\"hidden\" name=\"_wpcf7_posted_data_hash\" value=\"\" \/><br \/>\n<\/fieldset>\n<p><b>Donn\u00e9es personnelles :<\/b>\n<\/p>\n<p> Nom :*<span class=\"wpcf7-form-control-wrap\" data-name=\"Name\"><input size=\"40\" maxlength=\"400\" class=\"wpcf7-form-control wpcf7-text wpcf7-validates-as-required\" aria-required=\"true\" aria-invalid=\"false\" value=\"\" type=\"text\" name=\"Name\" \/><\/span>\n<\/p>\n<p>Adresse:*<span class=\"wpcf7-form-control-wrap\" data-name=\"Adresse\"><input size=\"40\" maxlength=\"400\" class=\"wpcf7-form-control wpcf7-text wpcf7-validates-as-required\" aria-required=\"true\" aria-invalid=\"false\" value=\"\" type=\"text\" name=\"Adresse\" \/><\/span>\n<\/p>\n<p>NPA\/localit\u00e9 :*<span class=\"wpcf7-form-control-wrap\" data-name=\"PLZOrt\"><input size=\"40\" maxlength=\"400\" class=\"wpcf7-form-control wpcf7-text wpcf7-validates-as-required\" aria-required=\"true\" aria-invalid=\"false\" value=\"\" type=\"text\" name=\"PLZOrt\" \/><\/span>\n<\/p>\n<p>Num\u00e9ro de t\u00e9l\u00e9phone:*<span class=\"wpcf7-form-control-wrap\" data-name=\"Telefon\"><input size=\"40\" maxlength=\"400\" class=\"wpcf7-form-control wpcf7-text wpcf7-validates-as-required\" aria-required=\"true\" aria-invalid=\"false\" value=\"\" type=\"text\" name=\"Telefon\" \/><\/span>\n<\/p>\n<p>Mobile : <span class=\"wpcf7-form-control-wrap\" data-name=\"Mobil\"><input size=\"40\" maxlength=\"400\" class=\"wpcf7-form-control wpcf7-text\" aria-invalid=\"false\" value=\"\" type=\"text\" name=\"Mobil\" \/><\/span>\n<\/p>\n<p>E-mail:*<span class=\"wpcf7-form-control-wrap\" data-name=\"E-Mail\"><input size=\"40\" maxlength=\"400\" class=\"wpcf7-form-control wpcf7-email wpcf7-validates-as-required wpcf7-text wpcf7-validates-as-email\" aria-required=\"true\" aria-invalid=\"false\" value=\"\" type=\"email\" name=\"E-Mail\" \/><\/span>\n<\/p>\n<hr \/>\n<p>\n<b><br \/>\n<\/b>\n<\/p>\n<hr \/>\n<p><b>Lieu :<\/b><br \/>\nMon action \/ mon programme aura lieu :\n<\/p>\n<div class=\"form\">\n<p><span class=\"wpcf7-form-control-wrap\" data-name=\"Ort\"><span class=\"wpcf7-form-control wpcf7-checkbox formular\" id=\"form\"><span class=\"wpcf7-list-item first last\"><label><input type=\"checkbox\" name=\"Ort[]\" value=\"C\u0153ur de la ville\" \/><span class=\"wpcf7-list-item-label\">C\u0153ur de la ville<\/span><\/label><\/span><\/span><\/span>\n\t<\/p>\n<\/div>\n<p>Adresse : <span class=\"wpcf7-form-control-wrap\" data-name=\"AusstellungsAdresse\"><input size=\"40\" maxlength=\"400\" class=\"wpcf7-form-control wpcf7-text\" aria-invalid=\"false\" value=\"\" type=\"text\" name=\"AusstellungsAdresse\" \/><\/span>\n<\/p>\n<p><strong> OU<\/strong>\n<\/p>\n<div class=\"form\">\n<p><span class=\"wpcf7-form-control-wrap\" data-name=\"NoOrt\"><span class=\"wpcf7-form-control wpcf7-checkbox formular\"><span class=\"wpcf7-list-item first last\"><label><input type=\"checkbox\" name=\"NoOrt[]\" value=\"J&#039;ai besoin d&#039;un espace d&#039;exposition \/ d&#039;action\" \/><span class=\"wpcf7-list-item-label\">J&#039;ai besoin d&#039;un espace d&#039;exposition \/ d&#039;action<\/span><\/label><\/span><\/span><\/span>\n\t<\/p>\n<\/div>\n<p>d\u00e9sir : <span class=\"wpcf7-form-control-wrap\" data-name=\"WunschOrt\"><input size=\"40\" maxlength=\"400\" class=\"wpcf7-form-control wpcf7-text\" aria-invalid=\"false\" value=\"\" type=\"text\" name=\"WunschOrt\" \/><\/span>\n<\/p>\n<hr \/>\n<p><b>Commande de mobilier :<\/b>\n<\/p>\n<div class=\"ordername\">\n<p>Panneaux d'affichage \u00e0 5,00\u20ac :\n\t<\/p>\n<\/div>\n<div class=\"ordernum\">\n<p><span class=\"wpcf7-form-control-wrap\" data-name=\"Stellwaende\"><input class=\"wpcf7-form-control wpcf7-number wpcf7-validates-as-number order\" id=\"order\" min=\"0\" max=\"3\" aria-invalid=\"false\" placeholder=\"0\" value=\"\" type=\"number\" name=\"Stellwaende\" \/><\/span>\n\t<\/p>\n<\/div>\n<p>(Surface \u00e0 \u00e9quiper : 2,4 m x 1,2 m ; 3 cloisons maximum par artiste)\n<\/p>\n<div class=\"ordername\">\n<p>Podiums \u00e0 5,00\u20ac :\n\t<\/p>\n<\/div>\n<div class=\"ordernum\">\n<p><span class=\"wpcf7-form-control-wrap\" data-name=\"Podeste\"><input class=\"wpcf7-form-control wpcf7-number wpcf7-validates-as-number order\" min=\"0\" max=\"10\" aria-invalid=\"false\" placeholder=\"0\" value=\"\" type=\"number\" name=\"Podeste\" \/><\/span>\n\t<\/p>\n<\/div>\n<div class=\"ordername\">\n<p>Tables \/ Tables de bistrot \/ Tables hautes \u00e0 5,00\u20ac :\n\t<\/p>\n<\/div>\n<div class=\"ordernum\">\n<p><span class=\"wpcf7-form-control-wrap\" data-name=\"Tische\"><input class=\"wpcf7-form-control wpcf7-number wpcf7-validates-as-number order\" min=\"0\" max=\"10\" aria-invalid=\"false\" placeholder=\"0\" value=\"\" type=\"number\" name=\"Tische\" \/><\/span>\n\t<\/p>\n<\/div>\n<div class=\"ordername\">\n<p>Chaises \u00e0 2,00 \u20ac ;\n\t<\/p>\n<\/div>\n<div class=\"ordernum\">\n<p><span class=\"wpcf7-form-control-wrap\" data-name=\"Stuehle\"><input class=\"wpcf7-form-control wpcf7-number wpcf7-validates-as-number order\" min=\"0\" max=\"10\" aria-invalid=\"false\" placeholder=\"0\" value=\"\" type=\"number\" name=\"Stuehle\" \/><\/span>\n\t<\/p>\n<\/div>\n<div class=\"ordername\">\n<p>Projecteurs de chantier \u00e0 2,00 \u20ac :\n\t<\/p>\n<\/div>\n<div class=\"ordernum\">\n<p><span class=\"wpcf7-form-control-wrap\" data-name=\"Baustrahler\"><input class=\"wpcf7-form-control wpcf7-number wpcf7-validates-as-number order\" min=\"0\" max=\"10\" aria-invalid=\"false\" placeholder=\"0\" value=\"\" type=\"number\" name=\"Baustrahler\" \/><\/span>\n\t<\/p>\n<\/div>\n<div class=\"ordername\">\n<p>Cubes lumineux \u00e0 5,00 \u20ac :\n\t<\/p>\n<\/div>\n<div class=\"ordernum\">\n<p><span class=\"wpcf7-form-control-wrap\" data-name=\"Leuchtcubes\"><input class=\"wpcf7-form-control wpcf7-number wpcf7-validates-as-number order\" min=\"0\" max=\"10\" aria-invalid=\"false\" placeholder=\"0\" value=\"\" type=\"number\" name=\"Leuchtcubes\" \/><\/span>\n\t<\/p>\n<\/div>\n<div class=\"ordername\">\n<p>\u00c9clairage par des entreprises ext\u00e9rieures : 23,80 \u20ac (forfait)\n\t<\/p>\n<\/div>\n<div class=\"ordernum\">\n<p><span class=\"wpcf7-form-control-wrap\" data-name=\"Beleuchtung\"><input class=\"wpcf7-form-control wpcf7-number wpcf7-validates-as-number order\" min=\"0\" max=\"10\" aria-invalid=\"false\" placeholder=\"0\" value=\"\" type=\"number\" name=\"Beleuchtung\" \/><\/span>\n\t<\/p>\n<\/div>\n<p> Les frais de location susmentionn\u00e9s sont imposables. La TVA (19%) est incluse dans les frais. Les dommages caus\u00e9s aux panneaux d'affichage seront factur\u00e9s par le bureau culturel.\n<\/p>\n<p> Il n'y a qu'un nombre limit\u00e9 de cloisons, elles seront attribu\u00e9es en fonction de la date de r\u00e9ception de l'inscription. Si tous les panneaux ont d\u00e9j\u00e0 \u00e9t\u00e9 attribu\u00e9s, le bureau culturel n'est pas tenu de les remplacer.\n<\/p>\n<hr \/>\n<h3>Publicit\u00e9<br \/>\n<\/h3>\n<p>Apr\u00e8s avoir remis votre inscription, veuillez saisir les donn\u00e9es pour la page d'accueil du Bureau culturel jusqu'au 04.08.2024 dans le formulaire de contact sur Internet \u00e0 l'adresse www.kulturbuero-radolfzell.de\/Kulturnacht (Seules ces inscriptions en ligne seront prises en compte) <b>Commande de mat\u00e9riel publicitaire :<\/b> Veuillez indiquer le nombre de mat\u00e9riel publicitaire que vous pouvez distribuer. Il faut \u00e9galement tenir compte de l'affichage lors de la Nuit de la culture elle-m\u00eame. Nombre d'affiches<span class=\"wpcf7-form-control-wrap\" data-name=\"Plakate\"><input class=\"wpcf7-form-control wpcf7-number wpcf7-validates-as-number\" min=\"0\" max=\"10\" aria-invalid=\"false\" placeholder=\"0\" value=\"\" type=\"number\" name=\"Plakate\" \/><\/span> Nombre de flyers<span class=\"wpcf7-form-control-wrap\" data-name=\"Programmhefte\"><input class=\"wpcf7-form-control wpcf7-number wpcf7-validates-as-number\" aria-invalid=\"false\" placeholder=\"0\" value=\"\" type=\"number\" name=\"Programmhefte\" \/><\/span>\n<\/p>\n<p><strong>Le mat\u00e9riel publicitaire command\u00e9 pourra probablement \u00eatre retir\u00e9 \u00e0 partir du 11 septembre 2024 au bureau culturel de Radolfzell ; G\u00fcttingerstra\u00dfe 13 ; 78315 Radolfzell.<\/strong><i>Si le budget pour le mat\u00e9riel publicitaire est d\u00e9pass\u00e9 en raison de la quantit\u00e9 toujours croissante de commandes, la commande de tous les artistes* sera r\u00e9duite en pourcentage par le bureau culturel.<\/i><br \/>\n<span class=\"wpcf7-form-control-wrap\" data-name=\"ProgrammheftPDF\"><span class=\"wpcf7-form-control wpcf7-checkbox\"><span class=\"wpcf7-list-item first last\"><input type=\"checkbox\" name=\"ProgrammheftPDF[]\" value=\"Je souhaite recevoir le d\u00e9pliant sous forme de fichier PDF :\" \/><span class=\"wpcf7-list-item-label\">Je souhaite recevoir le d\u00e9pliant sous forme de fichier PDF :<\/span><\/span><\/span><\/span> e-mail : <span class=\"wpcf7-form-control-wrap\" data-name=\"PorgrammPDFE-Mail\"><input size=\"40\" maxlength=\"400\" class=\"wpcf7-form-control wpcf7-email wpcf7-text wpcf7-validates-as-email\" aria-invalid=\"false\" value=\"\" type=\"email\" name=\"PorgrammPDFE-Mail\" \/><\/span>\n<\/p>\n<hr \/>\n<p><span class=\"wpcf7-form-control-wrap\" data-name=\"Zustimmung\"><span class=\"wpcf7-form-control wpcf7-checkbox wpcf7-validates-as-required\"><span class=\"wpcf7-list-item first last\"><input type=\"checkbox\" name=\"Zustimmung[]\" value=\"Les points ci-dessus et\" \/><span class=\"wpcf7-list-item-label\">Les points ci-dessus et<\/span><\/span><\/span><\/span> le site<br \/>\nJ'accepte<a href=\"https:\/\/kulturbuero-radolfzell.de\/wp-content\/uploads\/sites\/9\/2024\/07\/KNR24_Teilnahmebedingungen-1.pdf\" target=\"_blank\">les conditions de participation<\/a> \u00e0 la Nuit de la culture*. <input class=\"wpcf7-form-control wpcf7-submit has-spinner\" type=\"submit\" value=\"Envoyer\" \/>\n<\/p>\n<div class=\"wpcf7-response-output\" aria-hidden=\"true\"><\/div>\n<\/form>\n<\/div>\n","protected":false},"excerpt":{"rendered":"<p>Inscription Les artistes de Radolfzell et de ses quartiers qui souhaitent pr\u00e9senter leurs \u0153uvres lors de l&rsquo;\u00e9v\u00e9nement ou y participer [&hellip;]<\/p>\n","protected":false},"author":1,"featured_media":0,"parent":0,"menu_order":0,"comment_status":"closed","ping_status":"closed","template":"page-layout1.php","meta":{"_price":"","_stock":"","_tribe_ticket_header":"","_tribe_default_ticket_provider":"","_ticket_start_date":"","_ticket_end_date":"","_tribe_ticket_show_description":"","_tribe_ticket_show_not_going":false,"_tribe_ticket_use_global_stock":"","_tribe_ticket_global_stock_level":"","_global_stock_mode":"","_global_stock_cap":"","_tribe_rsvp_for_event":"","_tribe_ticket_going_count":"","_tribe_ticket_not_going_count":"","_tribe_tickets_list":"[]","_tribe_ticket_has_attendee_info_fields":false,"footnotes":""},"class_list":["post-10750","page","type-page","status-publish","hentry"],"yoast_head":"<!-- This site is optimized with the Yoast SEO plugin v26.7 - https:\/\/yoast.com\/wordpress\/plugins\/seo\/ -->\n<title>Inscription pour participer \u00e0 la Nuit de la culture | Kulturb\u00fcro Radolfzell<\/title>\n<meta name=\"robots\" content=\"index, follow, max-snippet:-1, max-image-preview:large, max-video-preview:-1\" \/>\n<link rel=\"canonical\" href=\"https:\/\/kulturbuero-radolfzell.de\/fr\/inscription-pour-participer-a-la-nuit-de-la-culture\/\" \/>\n<meta property=\"og:locale\" content=\"fr_FR\" \/>\n<meta property=\"og:type\" content=\"article\" \/>\n<meta property=\"og:title\" content=\"Inscription pour participer \u00e0 la Nuit de la culture | Kulturb\u00fcro Radolfzell\" \/>\n<meta property=\"og:description\" content=\"Inscription Les artistes de Radolfzell et de ses quartiers qui souhaitent pr\u00e9senter leurs \u0153uvres lors de l&rsquo;\u00e9v\u00e9nement ou y participer [&hellip;]\" \/>\n<meta property=\"og:url\" content=\"https:\/\/kulturbuero-radolfzell.de\/fr\/inscription-pour-participer-a-la-nuit-de-la-culture\/\" \/>\n<meta property=\"og:site_name\" content=\"Kulturb\u00fcro\" \/>\n<meta property=\"article:modified_time\" content=\"2024-07-12T10:28:01+00:00\" \/>\n<meta name=\"twitter:card\" content=\"summary_large_image\" \/>\n<script type=\"application\/ld+json\" class=\"yoast-schema-graph\">{\"@context\":\"https:\/\/schema.org\",\"@graph\":[{\"@type\":\"WebPage\",\"@id\":\"https:\/\/kulturbuero-radolfzell.de\/fr\/inscription-pour-participer-a-la-nuit-de-la-culture\/\",\"url\":\"https:\/\/kulturbuero-radolfzell.de\/fr\/inscription-pour-participer-a-la-nuit-de-la-culture\/\",\"name\":\"Inscription pour participer \u00e0 la Nuit de la culture | Kulturb\u00fcro Radolfzell\",\"isPartOf\":{\"@id\":\"https:\/\/kulturbuero-radolfzell.de\/fr\/#website\"},\"datePublished\":\"2020-12-06T15:58:01+00:00\",\"dateModified\":\"2024-07-12T10:28:01+00:00\",\"breadcrumb\":{\"@id\":\"https:\/\/kulturbuero-radolfzell.de\/fr\/inscription-pour-participer-a-la-nuit-de-la-culture\/#breadcrumb\"},\"inLanguage\":\"fr-FR\",\"potentialAction\":[{\"@type\":\"ReadAction\",\"target\":[\"https:\/\/kulturbuero-radolfzell.de\/fr\/inscription-pour-participer-a-la-nuit-de-la-culture\/\"]}]},{\"@type\":\"BreadcrumbList\",\"@id\":\"https:\/\/kulturbuero-radolfzell.de\/fr\/inscription-pour-participer-a-la-nuit-de-la-culture\/#breadcrumb\",\"itemListElement\":[{\"@type\":\"ListItem\",\"position\":1,\"name\":\"Startseite\",\"item\":\"https:\/\/kulturbuero-radolfzell.de\/fr\/page-daccueil\/\"},{\"@type\":\"ListItem\",\"position\":2,\"name\":\"Inscription pour participer \u00e0 la Nuit de la culture\"}]},{\"@type\":\"WebSite\",\"@id\":\"https:\/\/kulturbuero-radolfzell.de\/fr\/#website\",\"url\":\"https:\/\/kulturbuero-radolfzell.de\/fr\/\",\"name\":\"Kulturb\u00fcro\",\"description\":\"\",\"publisher\":{\"@id\":\"https:\/\/kulturbuero-radolfzell.de\/fr\/#organization\"},\"potentialAction\":[{\"@type\":\"SearchAction\",\"target\":{\"@type\":\"EntryPoint\",\"urlTemplate\":\"https:\/\/kulturbuero-radolfzell.de\/fr\/?s={search_term_string}\"},\"query-input\":{\"@type\":\"PropertyValueSpecification\",\"valueRequired\":true,\"valueName\":\"search_term_string\"}}],\"inLanguage\":\"fr-FR\"},{\"@type\":\"Organization\",\"@id\":\"https:\/\/kulturbuero-radolfzell.de\/fr\/#organization\",\"name\":\"Kulturb\u00fcro Radolfzell\",\"url\":\"https:\/\/kulturbuero-radolfzell.de\/fr\/\",\"logo\":{\"@type\":\"ImageObject\",\"inLanguage\":\"fr-FR\",\"@id\":\"https:\/\/kulturbuero-radolfzell.de\/fr\/#\/schema\/logo\/image\/\",\"url\":\"https:\/\/kulturbuero-radolfzell.de\/wp-content\/uploads\/sites\/9\/2018\/11\/logo.png\",\"contentUrl\":\"https:\/\/kulturbuero-radolfzell.de\/wp-content\/uploads\/sites\/9\/2018\/11\/logo.png\",\"width\":500,\"height\":251,\"caption\":\"Kulturb\u00fcro Radolfzell\"},\"image\":{\"@id\":\"https:\/\/kulturbuero-radolfzell.de\/fr\/#\/schema\/logo\/image\/\"}}]}<\/script>\n<!-- \/ Yoast SEO plugin. -->","yoast_head_json":{"title":"Inscription pour participer \u00e0 la Nuit de la culture | Kulturb\u00fcro Radolfzell","robots":{"index":"index","follow":"follow","max-snippet":"max-snippet:-1","max-image-preview":"max-image-preview:large","max-video-preview":"max-video-preview:-1"},"canonical":"https:\/\/kulturbuero-radolfzell.de\/fr\/inscription-pour-participer-a-la-nuit-de-la-culture\/","og_locale":"fr_FR","og_type":"article","og_title":"Inscription pour participer \u00e0 la Nuit de la culture | Kulturb\u00fcro Radolfzell","og_description":"Inscription Les artistes de Radolfzell et de ses quartiers qui souhaitent pr\u00e9senter leurs \u0153uvres lors de l&rsquo;\u00e9v\u00e9nement ou y participer [&hellip;]","og_url":"https:\/\/kulturbuero-radolfzell.de\/fr\/inscription-pour-participer-a-la-nuit-de-la-culture\/","og_site_name":"Kulturb\u00fcro","article_modified_time":"2024-07-12T10:28:01+00:00","twitter_card":"summary_large_image","schema":{"@context":"https:\/\/schema.org","@graph":[{"@type":"WebPage","@id":"https:\/\/kulturbuero-radolfzell.de\/fr\/inscription-pour-participer-a-la-nuit-de-la-culture\/","url":"https:\/\/kulturbuero-radolfzell.de\/fr\/inscription-pour-participer-a-la-nuit-de-la-culture\/","name":"Inscription pour participer \u00e0 la Nuit de la culture | Kulturb\u00fcro Radolfzell","isPartOf":{"@id":"https:\/\/kulturbuero-radolfzell.de\/fr\/#website"},"datePublished":"2020-12-06T15:58:01+00:00","dateModified":"2024-07-12T10:28:01+00:00","breadcrumb":{"@id":"https:\/\/kulturbuero-radolfzell.de\/fr\/inscription-pour-participer-a-la-nuit-de-la-culture\/#breadcrumb"},"inLanguage":"fr-FR","potentialAction":[{"@type":"ReadAction","target":["https:\/\/kulturbuero-radolfzell.de\/fr\/inscription-pour-participer-a-la-nuit-de-la-culture\/"]}]},{"@type":"BreadcrumbList","@id":"https:\/\/kulturbuero-radolfzell.de\/fr\/inscription-pour-participer-a-la-nuit-de-la-culture\/#breadcrumb","itemListElement":[{"@type":"ListItem","position":1,"name":"Startseite","item":"https:\/\/kulturbuero-radolfzell.de\/fr\/page-daccueil\/"},{"@type":"ListItem","position":2,"name":"Inscription pour participer \u00e0 la Nuit de la culture"}]},{"@type":"WebSite","@id":"https:\/\/kulturbuero-radolfzell.de\/fr\/#website","url":"https:\/\/kulturbuero-radolfzell.de\/fr\/","name":"Kulturb\u00fcro","description":"","publisher":{"@id":"https:\/\/kulturbuero-radolfzell.de\/fr\/#organization"},"potentialAction":[{"@type":"SearchAction","target":{"@type":"EntryPoint","urlTemplate":"https:\/\/kulturbuero-radolfzell.de\/fr\/?s={search_term_string}"},"query-input":{"@type":"PropertyValueSpecification","valueRequired":true,"valueName":"search_term_string"}}],"inLanguage":"fr-FR"},{"@type":"Organization","@id":"https:\/\/kulturbuero-radolfzell.de\/fr\/#organization","name":"Kulturb\u00fcro Radolfzell","url":"https:\/\/kulturbuero-radolfzell.de\/fr\/","logo":{"@type":"ImageObject","inLanguage":"fr-FR","@id":"https:\/\/kulturbuero-radolfzell.de\/fr\/#\/schema\/logo\/image\/","url":"https:\/\/kulturbuero-radolfzell.de\/wp-content\/uploads\/sites\/9\/2018\/11\/logo.png","contentUrl":"https:\/\/kulturbuero-radolfzell.de\/wp-content\/uploads\/sites\/9\/2018\/11\/logo.png","width":500,"height":251,"caption":"Kulturb\u00fcro Radolfzell"},"image":{"@id":"https:\/\/kulturbuero-radolfzell.de\/fr\/#\/schema\/logo\/image\/"}}]}},"_links":{"self":[{"href":"https:\/\/kulturbuero-radolfzell.de\/fr\/wp-json\/wp\/v2\/pages\/10750","targetHints":{"allow":["GET"]}}],"collection":[{"href":"https:\/\/kulturbuero-radolfzell.de\/fr\/wp-json\/wp\/v2\/pages"}],"about":[{"href":"https:\/\/kulturbuero-radolfzell.de\/fr\/wp-json\/wp\/v2\/types\/page"}],"author":[{"embeddable":true,"href":"https:\/\/kulturbuero-radolfzell.de\/fr\/wp-json\/wp\/v2\/users\/1"}],"replies":[{"embeddable":true,"href":"https:\/\/kulturbuero-radolfzell.de\/fr\/wp-json\/wp\/v2\/comments?post=10750"}],"version-history":[{"count":5,"href":"https:\/\/kulturbuero-radolfzell.de\/fr\/wp-json\/wp\/v2\/pages\/10750\/revisions"}],"predecessor-version":[{"id":11765,"href":"https:\/\/kulturbuero-radolfzell.de\/fr\/wp-json\/wp\/v2\/pages\/10750\/revisions\/11765"}],"wp:attachment":[{"href":"https:\/\/kulturbuero-radolfzell.de\/fr\/wp-json\/wp\/v2\/media?parent=10750"}],"curies":[{"name":"wp","href":"https:\/\/api.w.org\/{rel}","templated":true}]}}