{"id":10754,"date":"2020-01-09T17:35:47","date_gmt":"2020-01-09T16:35:47","guid":{"rendered":"https:\/\/kulturbuero-radolfzell.de\/nuit-de-la-culture\/"},"modified":"2025-04-02T10:08:23","modified_gmt":"2025-04-02T08:08:23","slug":"nuit-de-la-culture","status":"publish","type":"page","link":"https:\/\/kulturbuero-radolfzell.de\/fr\/nuit-de-la-culture\/","title":{"rendered":"Nuit de la culture"},"content":{"rendered":"<div>\n<div class=\"add_min_editor\">\n<p>Lors de la Nuit de la culture, les artistes de la r\u00e9gion ont la possibilit\u00e9 de pr\u00e9senter leurs \u0153uvres \u00e0 diff\u00e9rentes stations dans toute la ville et ses quartiers. Musique, danse, litt\u00e9rature, expositions et bien plus encore attendent tous les noctambules int\u00e9ress\u00e9s par la culture.<\/p>\n<p>Vous souhaitez participer ? <strong>Apr\u00e8s vous \u00eatre inscrit par \u00e9crit <\/strong>\u00e0 la 20e Nuit de la culture, le 2 octobre 2010 \u00e0<br \/>\n, nous vous enverrons un formulaire de contact. octobre 2025, vous avez la possibilit\u00e9, gr\u00e2ce \u00e0 ce formulaire de contact, de transmettre vos donn\u00e9es au bureau culturel pour le programme imprim\u00e9 et la pr\u00e9sentation en ligne de la Nuit de la culture. Veuillez noter que le programme sera remani\u00e9 et que des informations plus compl\u00e8tes sur les artistes et les spectacles seront pr\u00e9sent\u00e9es sur la page d&rsquo;accueil de Culture.<\/p>\n<p>La date limite d&rsquo;inscription et de r\u00e9daction est le 31.05.2025.<\/p>\n<div id=\"add_min_ab_449366_spa_1\" class=\"resparafloatleft-1 resaddcolumn610\">\n<div>\n<div class=\"add_min_editor\">\n<p><strong>Dates pour le programme imprim\u00e9 de la Nuit de la culture 2025<\/strong><strong><br \/>\n<\/strong><\/p>\n<\/div>\n<\/div>\n<\/div>\n<\/div>\n<\/div>\n<div class=\"wpcf7 no-js\" id=\"wpcf7-f11799-o1\" lang=\"fr-FR\" dir=\"ltr\" data-wpcf7-id=\"11799\">\n<div class=\"screen-reader-response\">\n<p role=\"status\" aria-live=\"polite\" aria-atomic=\"true\">\n<ul><\/ul>\n<\/div>\n<form action=\"\/fr\/wp-json\/wp\/v2\/pages\/10754#wpcf7-f11799-o1\" method=\"post\" class=\"wpcf7-form init\" aria-label=\"Formulaire de contact\" enctype=\"multipart\/form-data\" novalidate=\"novalidate\" data-status=\"init\">\n<fieldset class=\"hidden-fields-container\"><input type=\"hidden\" name=\"_wpcf7\" value=\"11799\" \/><input type=\"hidden\" name=\"_wpcf7_version\" value=\"6.1.4\" \/><input type=\"hidden\" name=\"_wpcf7_locale\" value=\"fr_FR\" \/><input type=\"hidden\" name=\"_wpcf7_unit_tag\" value=\"wpcf7-f11799-o1\" \/><input type=\"hidden\" name=\"_wpcf7_container_post\" value=\"0\" \/><input type=\"hidden\" name=\"_wpcf7_posted_data_hash\" value=\"\" \/><br \/>\n<\/fieldset>\n<p><strong>Titre :<\/strong> (max. 30 caract\u00e8res) <span class=\"wpcf7-form-control-wrap\" data-name=\"Headline\"><input size=\"40\" maxlength=\"30\" class=\"wpcf7-form-control wpcf7-text wpcf7-validates-as-required\" aria-required=\"true\" aria-invalid=\"false\" value=\"\" type=\"text\" name=\"Headline\" \/><\/span><br \/>\n(p.ex. nom de l'atelier, association ou nom de l'artiste)\n<\/p>\n<p><strong>Subhead :<\/strong> (max. 36 caract\u00e8res) <span class=\"wpcf7-form-control-wrap\" data-name=\"Subhead\"><input size=\"40\" maxlength=\"36\" class=\"wpcf7-form-control wpcf7-text wpcf7-validates-as-required\" aria-required=\"true\" aria-invalid=\"false\" value=\"\" type=\"text\" name=\"Subhead\" \/><\/span>\n<\/p>\n<p><strong>Texte courant incl. Biographie :<\/strong> (max. 700 caract\u00e8res) <span class=\"wpcf7-form-control-wrap\" data-name=\"Flietext\"><textarea cols=\"40\" rows=\"10\" maxlength=\"700\" class=\"wpcf7-form-control wpcf7-textarea wpcf7-validates-as-required\" aria-required=\"true\" aria-invalid=\"false\" name=\"Flietext\"><\/textarea><\/span>\n<\/p>\n<p><strong>Page d'accueil :<\/strong><span class=\"wpcf7-form-control-wrap\" data-name=\"Homepage\"><input size=\"40\" maxlength=\"400\" class=\"wpcf7-form-control wpcf7-url wpcf7-text wpcf7-validates-as-url\" aria-invalid=\"false\" value=\"\" type=\"url\" name=\"Homepage\" \/><\/span>\n<\/p>\n<p><strong>Courrier \u00e9lectronique :<\/strong><span class=\"wpcf7-form-control-wrap\" data-name=\"E-Mail\"><input size=\"40\" maxlength=\"400\" class=\"wpcf7-form-control wpcf7-email wpcf7-text wpcf7-validates-as-email\" aria-invalid=\"false\" value=\"\" type=\"email\" name=\"E-Mail\" \/><\/span>\n<\/p>\n<p><strong>Heures de repr\u00e9sentation :<\/strong> (max. 50 caract\u00e8res) <span class=\"wpcf7-form-control-wrap\" data-name=\"Auffuehrungszeiten\"><input size=\"40\" maxlength=\"50\" class=\"wpcf7-form-control wpcf7-text\" aria-invalid=\"false\" value=\"\" type=\"text\" name=\"Auffuehrungszeiten\" \/><\/span><br \/>\n(Si plus d'espace est n\u00e9cessaire, veuillez int\u00e9grer les temps dans le corps du texte).\n<\/p>\n<p><strong>Lieu de la manifestation :<\/strong><span class=\"wpcf7-form-control-wrap\" data-name=\"Veranstaltungsort\"><input size=\"40\" maxlength=\"400\" class=\"wpcf7-form-control wpcf7-text\" aria-invalid=\"false\" value=\"\" type=\"text\" name=\"Veranstaltungsort\" \/><\/span>\n<\/p>\n<p><strong>Rue, n<\/strong><span class=\"wpcf7-form-control-wrap\" data-name=\"StrNr\"><input size=\"40\" maxlength=\"400\" class=\"wpcf7-form-control wpcf7-text\" aria-invalid=\"false\" value=\"\" type=\"text\" name=\"StrNr\" \/><\/span><\/p>\n<hr \/>\n<p><strong>Lieu<\/strong>\n<\/p>\n<div class=\"form\">\n<p><span class=\"wpcf7-form-control-wrap\" data-name=\"Ort\"><span class=\"wpcf7-form-control wpcf7-checkbox wpcf7-validates-as-required formular\" id=\"form\"><span class=\"wpcf7-list-item first last\"><label><input type=\"checkbox\" name=\"Ort[]\" value=\"C\u0153ur de la ville\" \/><span class=\"wpcf7-list-item-label\">C\u0153ur de la ville<\/span><\/label><\/span><\/span><\/span>\n\t<\/p>\n<\/div>\n<hr \/>\n<p><strong>Mouvement artistique<\/strong>:\n<\/p>\n<div class=\"form\">\n<p><span class=\"wpcf7-form-control-wrap\" data-name=\"Kunstrichtung\"><span class=\"wpcf7-form-control wpcf7-checkbox\"><span class=\"wpcf7-list-item first\"><label><input type=\"checkbox\" name=\"Kunstrichtung[]\" value=\"Art\" \/><span class=\"wpcf7-list-item-label\">Art<\/span><\/label><\/span><span class=\"wpcf7-list-item\"><label><input type=\"checkbox\" name=\"Kunstrichtung[]\" value=\"Culture\" \/><span class=\"wpcf7-list-item-label\">Culture<\/span><\/label><\/span><span class=\"wpcf7-list-item\"><label><input type=\"checkbox\" name=\"Kunstrichtung[]\" value=\"Musique\" \/><span class=\"wpcf7-list-item-label\">Musique<\/span><\/label><\/span><span class=\"wpcf7-list-item\"><label><input type=\"checkbox\" name=\"Kunstrichtung[]\" value=\"Mode\" \/><span class=\"wpcf7-list-item-label\">Mode<\/span><\/label><\/span><span class=\"wpcf7-list-item\"><label><input type=\"checkbox\" name=\"Kunstrichtung[]\" value=\"Lecture\" \/><span class=\"wpcf7-list-item-label\">Lecture<\/span><\/label><\/span><span class=\"wpcf7-list-item\"><label><input type=\"checkbox\" name=\"Kunstrichtung[]\" value=\"Danse\" \/><span class=\"wpcf7-list-item-label\">Danse<\/span><\/label><\/span><span class=\"wpcf7-list-item\"><label><input type=\"checkbox\" name=\"Kunstrichtung[]\" value=\"Th\u00e9\u00e2tre\" \/><span class=\"wpcf7-list-item-label\">Th\u00e9\u00e2tre<\/span><\/label><\/span><span class=\"wpcf7-list-item\"><label><input type=\"checkbox\" name=\"Kunstrichtung[]\" value=\"Film\" \/><span class=\"wpcf7-list-item-label\">Film<\/span><\/label><\/span><span class=\"wpcf7-list-item\"><label><input type=\"checkbox\" name=\"Kunstrichtung[]\" value=\"Photo\" \/><span class=\"wpcf7-list-item-label\">Photo<\/span><\/label><\/span><span class=\"wpcf7-list-item last\"><label><input type=\"checkbox\" name=\"Kunstrichtung[]\" value=\"Installation\" \/><span class=\"wpcf7-list-item-label\">Installation<\/span><\/label><\/span><\/span><\/span>\n\t<\/p>\n<\/div>\n<hr \/>\n<p><strong>Disponible :<\/strong>\n<\/p>\n<div class=\"form\">\n<p><span class=\"wpcf7-form-control-wrap\" data-name=\"Vorhanden\"><span class=\"wpcf7-form-control wpcf7-checkbox\"><span class=\"wpcf7-list-item first\"><label><input type=\"checkbox\" name=\"Vorhanden[]\" value=\"WC\" \/><span class=\"wpcf7-list-item-label\">WC<\/span><\/label><\/span><span class=\"wpcf7-list-item\"><label><input type=\"checkbox\" name=\"Vorhanden[]\" value=\"Repas\" \/><span class=\"wpcf7-list-item-label\">Repas<\/span><\/label><\/span><span class=\"wpcf7-list-item\"><label><input type=\"checkbox\" name=\"Vorhanden[]\" value=\"Boire\" \/><span class=\"wpcf7-list-item-label\">Boire<\/span><\/label><\/span><span class=\"wpcf7-list-item last\"><label><input type=\"checkbox\" name=\"Vorhanden[]\" value=\"accessible\" \/><span class=\"wpcf7-list-item-label\">accessible<\/span><\/label><\/span><\/span><\/span>\n\t<\/p>\n<\/div>\n<hr \/>\n<div class=\"ordername\">\n<p><strong>Image 1 :<\/strong>\n\t<\/p>\n<\/div>\n<div class=\"ordernum\">\n<p><span class=\"wpcf7-form-control-wrap\" data-name=\"Bildupload1\"><input size=\"40\" class=\"wpcf7-form-control wpcf7-file\" accept=\".jpg,.jpeg,.tif\" aria-invalid=\"false\" type=\"file\" name=\"Bildupload1\" \/><\/span>\n\t<\/p>\n<\/div>\n<p>T\u00e9l\u00e9chargement de l'image : jpg ou tif\/format horizontal\/taille : \u00e0 partir de 3 MB (300 dpi)\n<\/p>\n<hr \/>\n<p>\nLes donn\u00e9es suivantes ne sont pas publi\u00e9es, elles servent \u00e0 la comparaison avec l'inscription re\u00e7ue.\n<\/p>\n<p>Si vous ne vous \u00eates pas encore inscrit, veuillez contacter le bureau culturel. Les d\u00e9clarations de donn\u00e9es sans inscription pr\u00e9alable ne peuvent pas \u00eatre prises en compte.\n<\/p>\n<p><strong>Pr\u00e9nom<\/strong><span class=\"wpcf7-form-control-wrap\" data-name=\"Vorname\"><input size=\"40\" maxlength=\"400\" class=\"wpcf7-form-control wpcf7-text wpcf7-validates-as-required\" aria-required=\"true\" aria-invalid=\"false\" value=\"\" type=\"text\" name=\"Vorname\" \/><\/span>\n<\/p>\n<p><strong>Nom de famille :<\/strong><span class=\"wpcf7-form-control-wrap\" data-name=\"Nachname\"><input size=\"40\" maxlength=\"400\" class=\"wpcf7-form-control wpcf7-text wpcf7-validates-as-required\" aria-required=\"true\" aria-invalid=\"false\" value=\"\" type=\"text\" name=\"Nachname\" \/><\/span>\n<\/p>\n<p><strong>Courrier \u00e9lectronique :<\/strong><span class=\"wpcf7-form-control-wrap\" data-name=\"E-Mail-Kontakt\"><input size=\"40\" maxlength=\"400\" class=\"wpcf7-form-control wpcf7-email wpcf7-text wpcf7-validates-as-email\" aria-invalid=\"false\" value=\"\" type=\"email\" name=\"E-Mail-Kontakt\" \/><\/span>\n<\/p>\n<p><input class=\"wpcf7-form-control wpcf7-submit has-spinner\" type=\"submit\" value=\"Envoyer\" \/>\n<\/p>\n<div class=\"wpcf7-response-output\" aria-hidden=\"true\"><\/div>\n<\/form>\n<\/div>\n","protected":false},"excerpt":{"rendered":"<p>Lors de la Nuit de la culture, les artistes de la r\u00e9gion ont la possibilit\u00e9 de pr\u00e9senter leurs \u0153uvres \u00e0 [&hellip;]<\/p>\n","protected":false},"author":1,"featured_media":0,"parent":0,"menu_order":0,"comment_status":"closed","ping_status":"closed","template":"page-layout1.php","meta":{"_price":"","_stock":"","_tribe_ticket_header":"","_tribe_default_ticket_provider":"","_ticket_start_date":"","_ticket_end_date":"","_tribe_ticket_show_description":"","_tribe_ticket_show_not_going":false,"_tribe_ticket_use_global_stock":"","_tribe_ticket_global_stock_level":"","_global_stock_mode":"","_global_stock_cap":"","_tribe_rsvp_for_event":"","_tribe_ticket_going_count":"","_tribe_ticket_not_going_count":"","_tribe_tickets_list":"[]","_tribe_ticket_has_attendee_info_fields":false,"footnotes":""},"class_list":["post-10754","page","type-page","status-publish","hentry"],"yoast_head":"<!-- This site is optimized with the Yoast SEO plugin v26.7 - https:\/\/yoast.com\/wordpress\/plugins\/seo\/ -->\n<title>Nuit de la culture | Kulturb\u00fcro Radolfzell<\/title>\n<meta name=\"robots\" content=\"index, follow, max-snippet:-1, max-image-preview:large, max-video-preview:-1\" \/>\n<link rel=\"canonical\" href=\"https:\/\/kulturbuero-radolfzell.de\/fr\/nuit-de-la-culture\/\" \/>\n<meta property=\"og:locale\" content=\"fr_FR\" \/>\n<meta property=\"og:type\" content=\"article\" \/>\n<meta property=\"og:title\" content=\"Nuit de la culture | Kulturb\u00fcro Radolfzell\" \/>\n<meta property=\"og:description\" content=\"Lors de la Nuit de la culture, les artistes de la r\u00e9gion ont la possibilit\u00e9 de pr\u00e9senter leurs \u0153uvres \u00e0 [&hellip;]\" \/>\n<meta property=\"og:url\" content=\"https:\/\/kulturbuero-radolfzell.de\/fr\/nuit-de-la-culture\/\" \/>\n<meta property=\"og:site_name\" content=\"Kulturb\u00fcro\" \/>\n<meta property=\"article:modified_time\" content=\"2025-04-02T08:08:23+00:00\" \/>\n<meta name=\"twitter:card\" content=\"summary_large_image\" \/>\n<meta name=\"twitter:label1\" content=\"Dur\u00e9e de lecture estim\u00e9e\" \/>\n\t<meta name=\"twitter:data1\" content=\"1 minute\" \/>\n<script type=\"application\/ld+json\" class=\"yoast-schema-graph\">{\"@context\":\"https:\/\/schema.org\",\"@graph\":[{\"@type\":\"WebPage\",\"@id\":\"https:\/\/kulturbuero-radolfzell.de\/fr\/nuit-de-la-culture\/\",\"url\":\"https:\/\/kulturbuero-radolfzell.de\/fr\/nuit-de-la-culture\/\",\"name\":\"Nuit de la culture | Kulturb\u00fcro Radolfzell\",\"isPartOf\":{\"@id\":\"https:\/\/kulturbuero-radolfzell.de\/fr\/#website\"},\"datePublished\":\"2020-01-09T16:35:47+00:00\",\"dateModified\":\"2025-04-02T08:08:23+00:00\",\"breadcrumb\":{\"@id\":\"https:\/\/kulturbuero-radolfzell.de\/fr\/nuit-de-la-culture\/#breadcrumb\"},\"inLanguage\":\"fr-FR\",\"potentialAction\":[{\"@type\":\"ReadAction\",\"target\":[\"https:\/\/kulturbuero-radolfzell.de\/fr\/nuit-de-la-culture\/\"]}]},{\"@type\":\"BreadcrumbList\",\"@id\":\"https:\/\/kulturbuero-radolfzell.de\/fr\/nuit-de-la-culture\/#breadcrumb\",\"itemListElement\":[{\"@type\":\"ListItem\",\"position\":1,\"name\":\"Startseite\",\"item\":\"https:\/\/kulturbuero-radolfzell.de\/fr\/page-daccueil\/\"},{\"@type\":\"ListItem\",\"position\":2,\"name\":\"Nuit de la culture\"}]},{\"@type\":\"WebSite\",\"@id\":\"https:\/\/kulturbuero-radolfzell.de\/fr\/#website\",\"url\":\"https:\/\/kulturbuero-radolfzell.de\/fr\/\",\"name\":\"Kulturb\u00fcro\",\"description\":\"\",\"publisher\":{\"@id\":\"https:\/\/kulturbuero-radolfzell.de\/fr\/#organization\"},\"potentialAction\":[{\"@type\":\"SearchAction\",\"target\":{\"@type\":\"EntryPoint\",\"urlTemplate\":\"https:\/\/kulturbuero-radolfzell.de\/fr\/?s={search_term_string}\"},\"query-input\":{\"@type\":\"PropertyValueSpecification\",\"valueRequired\":true,\"valueName\":\"search_term_string\"}}],\"inLanguage\":\"fr-FR\"},{\"@type\":\"Organization\",\"@id\":\"https:\/\/kulturbuero-radolfzell.de\/fr\/#organization\",\"name\":\"Kulturb\u00fcro Radolfzell\",\"url\":\"https:\/\/kulturbuero-radolfzell.de\/fr\/\",\"logo\":{\"@type\":\"ImageObject\",\"inLanguage\":\"fr-FR\",\"@id\":\"https:\/\/kulturbuero-radolfzell.de\/fr\/#\/schema\/logo\/image\/\",\"url\":\"https:\/\/kulturbuero-radolfzell.de\/wp-content\/uploads\/sites\/9\/2018\/11\/logo.png\",\"contentUrl\":\"https:\/\/kulturbuero-radolfzell.de\/wp-content\/uploads\/sites\/9\/2018\/11\/logo.png\",\"width\":500,\"height\":251,\"caption\":\"Kulturb\u00fcro Radolfzell\"},\"image\":{\"@id\":\"https:\/\/kulturbuero-radolfzell.de\/fr\/#\/schema\/logo\/image\/\"}}]}<\/script>\n<!-- \/ Yoast SEO plugin. -->","yoast_head_json":{"title":"Nuit de la culture | Kulturb\u00fcro Radolfzell","robots":{"index":"index","follow":"follow","max-snippet":"max-snippet:-1","max-image-preview":"max-image-preview:large","max-video-preview":"max-video-preview:-1"},"canonical":"https:\/\/kulturbuero-radolfzell.de\/fr\/nuit-de-la-culture\/","og_locale":"fr_FR","og_type":"article","og_title":"Nuit de la culture | Kulturb\u00fcro Radolfzell","og_description":"Lors de la Nuit de la culture, les artistes de la r\u00e9gion ont la possibilit\u00e9 de pr\u00e9senter leurs \u0153uvres \u00e0 [&hellip;]","og_url":"https:\/\/kulturbuero-radolfzell.de\/fr\/nuit-de-la-culture\/","og_site_name":"Kulturb\u00fcro","article_modified_time":"2025-04-02T08:08:23+00:00","twitter_card":"summary_large_image","twitter_misc":{"Dur\u00e9e de lecture estim\u00e9e":"1 minute"},"schema":{"@context":"https:\/\/schema.org","@graph":[{"@type":"WebPage","@id":"https:\/\/kulturbuero-radolfzell.de\/fr\/nuit-de-la-culture\/","url":"https:\/\/kulturbuero-radolfzell.de\/fr\/nuit-de-la-culture\/","name":"Nuit de la culture | Kulturb\u00fcro Radolfzell","isPartOf":{"@id":"https:\/\/kulturbuero-radolfzell.de\/fr\/#website"},"datePublished":"2020-01-09T16:35:47+00:00","dateModified":"2025-04-02T08:08:23+00:00","breadcrumb":{"@id":"https:\/\/kulturbuero-radolfzell.de\/fr\/nuit-de-la-culture\/#breadcrumb"},"inLanguage":"fr-FR","potentialAction":[{"@type":"ReadAction","target":["https:\/\/kulturbuero-radolfzell.de\/fr\/nuit-de-la-culture\/"]}]},{"@type":"BreadcrumbList","@id":"https:\/\/kulturbuero-radolfzell.de\/fr\/nuit-de-la-culture\/#breadcrumb","itemListElement":[{"@type":"ListItem","position":1,"name":"Startseite","item":"https:\/\/kulturbuero-radolfzell.de\/fr\/page-daccueil\/"},{"@type":"ListItem","position":2,"name":"Nuit de la culture"}]},{"@type":"WebSite","@id":"https:\/\/kulturbuero-radolfzell.de\/fr\/#website","url":"https:\/\/kulturbuero-radolfzell.de\/fr\/","name":"Kulturb\u00fcro","description":"","publisher":{"@id":"https:\/\/kulturbuero-radolfzell.de\/fr\/#organization"},"potentialAction":[{"@type":"SearchAction","target":{"@type":"EntryPoint","urlTemplate":"https:\/\/kulturbuero-radolfzell.de\/fr\/?s={search_term_string}"},"query-input":{"@type":"PropertyValueSpecification","valueRequired":true,"valueName":"search_term_string"}}],"inLanguage":"fr-FR"},{"@type":"Organization","@id":"https:\/\/kulturbuero-radolfzell.de\/fr\/#organization","name":"Kulturb\u00fcro Radolfzell","url":"https:\/\/kulturbuero-radolfzell.de\/fr\/","logo":{"@type":"ImageObject","inLanguage":"fr-FR","@id":"https:\/\/kulturbuero-radolfzell.de\/fr\/#\/schema\/logo\/image\/","url":"https:\/\/kulturbuero-radolfzell.de\/wp-content\/uploads\/sites\/9\/2018\/11\/logo.png","contentUrl":"https:\/\/kulturbuero-radolfzell.de\/wp-content\/uploads\/sites\/9\/2018\/11\/logo.png","width":500,"height":251,"caption":"Kulturb\u00fcro Radolfzell"},"image":{"@id":"https:\/\/kulturbuero-radolfzell.de\/fr\/#\/schema\/logo\/image\/"}}]}},"_links":{"self":[{"href":"https:\/\/kulturbuero-radolfzell.de\/fr\/wp-json\/wp\/v2\/pages\/10754","targetHints":{"allow":["GET"]}}],"collection":[{"href":"https:\/\/kulturbuero-radolfzell.de\/fr\/wp-json\/wp\/v2\/pages"}],"about":[{"href":"https:\/\/kulturbuero-radolfzell.de\/fr\/wp-json\/wp\/v2\/types\/page"}],"author":[{"embeddable":true,"href":"https:\/\/kulturbuero-radolfzell.de\/fr\/wp-json\/wp\/v2\/users\/1"}],"replies":[{"embeddable":true,"href":"https:\/\/kulturbuero-radolfzell.de\/fr\/wp-json\/wp\/v2\/comments?post=10754"}],"version-history":[{"count":2,"href":"https:\/\/kulturbuero-radolfzell.de\/fr\/wp-json\/wp\/v2\/pages\/10754\/revisions"}],"predecessor-version":[{"id":12633,"href":"https:\/\/kulturbuero-radolfzell.de\/fr\/wp-json\/wp\/v2\/pages\/10754\/revisions\/12633"}],"wp:attachment":[{"href":"https:\/\/kulturbuero-radolfzell.de\/fr\/wp-json\/wp\/v2\/media?parent=10754"}],"curies":[{"name":"wp","href":"https:\/\/api.w.org\/{rel}","templated":true}]}}