{"id":11011,"date":"2018-12-10T21:23:47","date_gmt":"2018-12-10T20:23:47","guid":{"rendered":"https:\/\/kulturbuero-radolfzell.de\/page-daccueil\/"},"modified":"2018-12-10T21:23:47","modified_gmt":"2018-12-10T20:23:47","slug":"page-daccueil","status":"publish","type":"page","link":"https:\/\/kulturbuero-radolfzell.de\/fr\/","title":{"rendered":"Page d&rsquo;accueil"},"content":{"rendered":"<p>Le bureau culturel de la ville de Radolfzell promeut l&rsquo;art et la culture, entretient les traditions et offre une plate-forme pour de nouvelles coop\u00e9rations. Il pose ainsi les bases d&rsquo;un programme culturel cr\u00e9atif et innovant \u00e0 Radolfzell. En tant qu&rsquo;interlocuteur pour les artistes et les associations culturelles r\u00e9gionales, par exemple en ce qui concerne les possibilit\u00e9s de soutien de la ville, il soutient la diversit\u00e9 et l&rsquo;engagement r\u00e9gionaux.<\/p>\n<h2>Manifestations du bureau de la culture<\/h2>\n<p>Environ 40 manifestations propres sont en outre organis\u00e9es, commercialis\u00e9es et r\u00e9alis\u00e9es chaque ann\u00e9e par le bureau culturel &#8211; des \u00e9v\u00e9nements populaires comme <a href=\"https:\/\/musikstadt-radolfzell.de\/seefestival\/\">le festival du lac<\/a>, les concerts de la promenade, <a href=\"https:\/\/kulturbuero-radolfzell.de\/bundeskunstpreis\/\">le prix f\u00e9d\u00e9ral d&rsquo;art pour les personnes handicap\u00e9es<\/a>, <a href=\"https:\/\/kulturbuero-radolfzell.de\/fr\/nuit-de-la-culture-a-radolfzell\/\">la nuit de la culture<\/a>, <a href=\"https:\/\/kulturbuero-radolfzell.de\/fr\/fete-des-maitres-de-maison-a-radolfzell\/\">la traditionnelle f\u00eate des ma\u00eetres de maison<\/a>, le concert sur la place du march\u00e9 et <a href=\"https:\/\/kulturbuero-radolfzell.de\/fr\/arts-visuels\/\">le symposium des sculpteurs dans le parc de Mettnau<\/a> en font partie.<\/p>\n<p>L&rsquo;administration de la <a href=\"https:\/\/villabosch-radolfzell.de\">Villa Bosch<\/a>, les manifestations et les expositions qui s&rsquo;y d\u00e9roulent sont \u00e9galement sous la responsabilit\u00e9 du bureau culturel, tout comme les jumelages avec Istres (France) et Amriswil (Suisse). Le bureau culturel promeut en outre l&rsquo;identit\u00e9 culturelle de la ville en concevant et en mettant en \u0153uvre le projet \u00ab\u00a0<a href=\"https:\/\/musikstadt-radolfzell.de\">Radolfzell, ville de la musique<\/a>\u00ab\u00a0.<\/p>\n","protected":false},"excerpt":{"rendered":"<p>Le bureau culturel de la ville de Radolfzell promeut l&rsquo;art et la culture, entretient les traditions et offre une plate-forme [&hellip;]<\/p>\n","protected":false},"author":1,"featured_media":0,"parent":0,"menu_order":0,"comment_status":"closed","ping_status":"closed","template":"start-page.php","meta":{"_price":"","_stock":"","_tribe_ticket_header":"","_tribe_default_ticket_provider":"","_ticket_start_date":"","_ticket_end_date":"","_tribe_ticket_show_description":"","_tribe_ticket_show_not_going":false,"_tribe_ticket_use_global_stock":"","_tribe_ticket_global_stock_level":"","_global_stock_mode":"","_global_stock_cap":"","_tribe_rsvp_for_event":"","_tribe_ticket_going_count":"","_tribe_ticket_not_going_count":"","_tribe_tickets_list":"[]","_tribe_ticket_has_attendee_info_fields":false,"footnotes":""},"class_list":["post-11011","page","type-page","status-publish","hentry"],"yoast_head":"<!-- This site is optimized with the Yoast SEO plugin v26.7 - https:\/\/yoast.com\/wordpress\/plugins\/seo\/ -->\n<title>Page d&#039;accueil | Kulturb\u00fcro Radolfzell<\/title>\n<meta name=\"description\" content=\"Le bureau culturel de Radolfzell promeut l&#039;art et la culture, est l&#039;interlocuteur des artistes et des associations, ainsi que l&#039;organisateur de nombreuses manifestations culturelles.\" \/>\n<meta name=\"robots\" content=\"index, follow, max-snippet:-1, max-image-preview:large, max-video-preview:-1\" \/>\n<link rel=\"canonical\" href=\"https:\/\/kulturbuero-radolfzell.de\/fr\/\" \/>\n<meta property=\"og:locale\" content=\"fr_FR\" \/>\n<meta property=\"og:type\" content=\"article\" \/>\n<meta property=\"og:title\" content=\"Page d&#039;accueil | Kulturb\u00fcro Radolfzell\" \/>\n<meta property=\"og:description\" content=\"Le bureau culturel de Radolfzell promeut l&#039;art et la culture, est l&#039;interlocuteur des artistes et des associations, ainsi que l&#039;organisateur de nombreuses manifestations culturelles.\" \/>\n<meta property=\"og:url\" content=\"https:\/\/kulturbuero-radolfzell.de\/fr\/\" \/>\n<meta property=\"og:site_name\" content=\"Kulturb\u00fcro\" \/>\n<meta name=\"twitter:card\" content=\"summary_large_image\" \/>\n<meta name=\"twitter:label1\" content=\"Dur\u00e9e de lecture estim\u00e9e\" \/>\n\t<meta name=\"twitter:data1\" content=\"1 minute\" \/>\n<script type=\"application\/ld+json\" class=\"yoast-schema-graph\">{\"@context\":\"https:\/\/schema.org\",\"@graph\":[{\"@type\":\"WebPage\",\"@id\":\"https:\/\/kulturbuero-radolfzell.de\/fr\/\",\"url\":\"https:\/\/kulturbuero-radolfzell.de\/fr\/\",\"name\":\"Page d'accueil | Kulturb\u00fcro Radolfzell\",\"isPartOf\":{\"@id\":\"https:\/\/kulturbuero-radolfzell.de\/fr\/#website\"},\"datePublished\":\"2018-12-10T20:23:47+00:00\",\"description\":\"Le bureau culturel de Radolfzell promeut l'art et la culture, est l'interlocuteur des artistes et des associations, ainsi que l'organisateur de nombreuses manifestations culturelles.\",\"breadcrumb\":{\"@id\":\"https:\/\/kulturbuero-radolfzell.de\/fr\/#breadcrumb\"},\"inLanguage\":\"fr-FR\",\"potentialAction\":[{\"@type\":\"ReadAction\",\"target\":[\"https:\/\/kulturbuero-radolfzell.de\/fr\/\"]}]},{\"@type\":\"BreadcrumbList\",\"@id\":\"https:\/\/kulturbuero-radolfzell.de\/fr\/#breadcrumb\",\"itemListElement\":[{\"@type\":\"ListItem\",\"position\":1,\"name\":\"Startseite\",\"item\":\"https:\/\/kulturbuero-radolfzell.de\/fr\/page-daccueil\/\"},{\"@type\":\"ListItem\",\"position\":2,\"name\":\"Page d&rsquo;accueil\"}]},{\"@type\":\"WebSite\",\"@id\":\"https:\/\/kulturbuero-radolfzell.de\/fr\/#website\",\"url\":\"https:\/\/kulturbuero-radolfzell.de\/fr\/\",\"name\":\"Kulturb\u00fcro\",\"description\":\"\",\"publisher\":{\"@id\":\"https:\/\/kulturbuero-radolfzell.de\/fr\/#organization\"},\"potentialAction\":[{\"@type\":\"SearchAction\",\"target\":{\"@type\":\"EntryPoint\",\"urlTemplate\":\"https:\/\/kulturbuero-radolfzell.de\/fr\/?s={search_term_string}\"},\"query-input\":{\"@type\":\"PropertyValueSpecification\",\"valueRequired\":true,\"valueName\":\"search_term_string\"}}],\"inLanguage\":\"fr-FR\"},{\"@type\":\"Organization\",\"@id\":\"https:\/\/kulturbuero-radolfzell.de\/fr\/#organization\",\"name\":\"Kulturb\u00fcro Radolfzell\",\"url\":\"https:\/\/kulturbuero-radolfzell.de\/fr\/\",\"logo\":{\"@type\":\"ImageObject\",\"inLanguage\":\"fr-FR\",\"@id\":\"https:\/\/kulturbuero-radolfzell.de\/fr\/#\/schema\/logo\/image\/\",\"url\":\"https:\/\/kulturbuero-radolfzell.de\/wp-content\/uploads\/sites\/9\/2018\/11\/logo.png\",\"contentUrl\":\"https:\/\/kulturbuero-radolfzell.de\/wp-content\/uploads\/sites\/9\/2018\/11\/logo.png\",\"width\":500,\"height\":251,\"caption\":\"Kulturb\u00fcro Radolfzell\"},\"image\":{\"@id\":\"https:\/\/kulturbuero-radolfzell.de\/fr\/#\/schema\/logo\/image\/\"}}]}<\/script>\n<!-- \/ Yoast SEO plugin. -->","yoast_head_json":{"title":"Page d'accueil | Kulturb\u00fcro Radolfzell","description":"Le bureau culturel de Radolfzell promeut l'art et la culture, est l'interlocuteur des artistes et des associations, ainsi que l'organisateur de nombreuses manifestations culturelles.","robots":{"index":"index","follow":"follow","max-snippet":"max-snippet:-1","max-image-preview":"max-image-preview:large","max-video-preview":"max-video-preview:-1"},"canonical":"https:\/\/kulturbuero-radolfzell.de\/fr\/","og_locale":"fr_FR","og_type":"article","og_title":"Page d'accueil | Kulturb\u00fcro Radolfzell","og_description":"Le bureau culturel de Radolfzell promeut l'art et la culture, est l'interlocuteur des artistes et des associations, ainsi que l'organisateur de nombreuses manifestations culturelles.","og_url":"https:\/\/kulturbuero-radolfzell.de\/fr\/","og_site_name":"Kulturb\u00fcro","twitter_card":"summary_large_image","twitter_misc":{"Dur\u00e9e de lecture estim\u00e9e":"1 minute"},"schema":{"@context":"https:\/\/schema.org","@graph":[{"@type":"WebPage","@id":"https:\/\/kulturbuero-radolfzell.de\/fr\/","url":"https:\/\/kulturbuero-radolfzell.de\/fr\/","name":"Page d'accueil | Kulturb\u00fcro Radolfzell","isPartOf":{"@id":"https:\/\/kulturbuero-radolfzell.de\/fr\/#website"},"datePublished":"2018-12-10T20:23:47+00:00","description":"Le bureau culturel de Radolfzell promeut l'art et la culture, est l'interlocuteur des artistes et des associations, ainsi que l'organisateur de nombreuses manifestations culturelles.","breadcrumb":{"@id":"https:\/\/kulturbuero-radolfzell.de\/fr\/#breadcrumb"},"inLanguage":"fr-FR","potentialAction":[{"@type":"ReadAction","target":["https:\/\/kulturbuero-radolfzell.de\/fr\/"]}]},{"@type":"BreadcrumbList","@id":"https:\/\/kulturbuero-radolfzell.de\/fr\/#breadcrumb","itemListElement":[{"@type":"ListItem","position":1,"name":"Startseite","item":"https:\/\/kulturbuero-radolfzell.de\/fr\/page-daccueil\/"},{"@type":"ListItem","position":2,"name":"Page d&rsquo;accueil"}]},{"@type":"WebSite","@id":"https:\/\/kulturbuero-radolfzell.de\/fr\/#website","url":"https:\/\/kulturbuero-radolfzell.de\/fr\/","name":"Kulturb\u00fcro","description":"","publisher":{"@id":"https:\/\/kulturbuero-radolfzell.de\/fr\/#organization"},"potentialAction":[{"@type":"SearchAction","target":{"@type":"EntryPoint","urlTemplate":"https:\/\/kulturbuero-radolfzell.de\/fr\/?s={search_term_string}"},"query-input":{"@type":"PropertyValueSpecification","valueRequired":true,"valueName":"search_term_string"}}],"inLanguage":"fr-FR"},{"@type":"Organization","@id":"https:\/\/kulturbuero-radolfzell.de\/fr\/#organization","name":"Kulturb\u00fcro Radolfzell","url":"https:\/\/kulturbuero-radolfzell.de\/fr\/","logo":{"@type":"ImageObject","inLanguage":"fr-FR","@id":"https:\/\/kulturbuero-radolfzell.de\/fr\/#\/schema\/logo\/image\/","url":"https:\/\/kulturbuero-radolfzell.de\/wp-content\/uploads\/sites\/9\/2018\/11\/logo.png","contentUrl":"https:\/\/kulturbuero-radolfzell.de\/wp-content\/uploads\/sites\/9\/2018\/11\/logo.png","width":500,"height":251,"caption":"Kulturb\u00fcro Radolfzell"},"image":{"@id":"https:\/\/kulturbuero-radolfzell.de\/fr\/#\/schema\/logo\/image\/"}}]}},"_links":{"self":[{"href":"https:\/\/kulturbuero-radolfzell.de\/fr\/wp-json\/wp\/v2\/pages\/11011","targetHints":{"allow":["GET"]}}],"collection":[{"href":"https:\/\/kulturbuero-radolfzell.de\/fr\/wp-json\/wp\/v2\/pages"}],"about":[{"href":"https:\/\/kulturbuero-radolfzell.de\/fr\/wp-json\/wp\/v2\/types\/page"}],"author":[{"embeddable":true,"href":"https:\/\/kulturbuero-radolfzell.de\/fr\/wp-json\/wp\/v2\/users\/1"}],"replies":[{"embeddable":true,"href":"https:\/\/kulturbuero-radolfzell.de\/fr\/wp-json\/wp\/v2\/comments?post=11011"}],"version-history":[{"count":0,"href":"https:\/\/kulturbuero-radolfzell.de\/fr\/wp-json\/wp\/v2\/pages\/11011\/revisions"}],"wp:attachment":[{"href":"https:\/\/kulturbuero-radolfzell.de\/fr\/wp-json\/wp\/v2\/media?parent=11011"}],"curies":[{"name":"wp","href":"https:\/\/api.w.org\/{rel}","templated":true}]}}