{"id":11023,"date":"2023-10-25T14:17:15","date_gmt":"2023-10-25T12:17:15","guid":{"rendered":"https:\/\/kulturbuero-radolfzell.de\/musique-de-radolfzell\/"},"modified":"2023-10-25T14:17:15","modified_gmt":"2023-10-25T12:17:15","slug":"musique-de-radolfzell","status":"publish","type":"page","link":"https:\/\/kulturbuero-radolfzell.de\/fr\/musique-de-radolfzell\/","title":{"rendered":"Musique de Radolfzell"},"content":{"rendered":"<p>Radolfzell, ville de musique, dispose d&rsquo;une diversit\u00e9 unique de cr\u00e9ateurs de musique, jeunes et moins jeunes, de l&rsquo;orchestre d&rsquo;harmonie symphonique au trio de jazz en passant par la Guggenmusik.<\/p>\n<p>Sur cette page, les groupes de musique, les musiciennes et musiciens de Radolfzell et des quartiers auront d\u00e9sormais la possibilit\u00e9 de pr\u00e9senter leurs cr\u00e9ations et leurs coordonn\u00e9es sur ce site. L&rsquo;inscription pour l&rsquo;enregistrement se fait via le formulaire d&rsquo;inscription d\u00e9pos\u00e9. La publication aura lieu apr\u00e8s la collecte, la v\u00e9rification et l&rsquo;int\u00e9gration des donn\u00e9es, au plus tard \u00e0 partir de l&rsquo;hiver 2019 \/ 2020. Les informations relatives \u00e0 la protection des donn\u00e9es figurent dans le formulaire d&rsquo;inscription.<\/p>\n<div class=\"wpcf7 no-js\" id=\"wpcf7-f11370-o1\" lang=\"fr-FR\" dir=\"ltr\" data-wpcf7-id=\"11370\">\n<div class=\"screen-reader-response\">\n<p role=\"status\" aria-live=\"polite\" aria-atomic=\"true\">\n<ul><\/ul>\n<\/div>\n<form action=\"\/fr\/wp-json\/wp\/v2\/pages\/11023#wpcf7-f11370-o1\" method=\"post\" class=\"wpcf7-form init\" aria-label=\"Formulaire de contact\" enctype=\"multipart\/form-data\" novalidate=\"novalidate\" data-status=\"init\">\n<fieldset class=\"hidden-fields-container\"><input type=\"hidden\" name=\"_wpcf7\" value=\"11370\" \/><input type=\"hidden\" name=\"_wpcf7_version\" value=\"6.1.4\" \/><input type=\"hidden\" name=\"_wpcf7_locale\" value=\"fr_FR\" \/><input type=\"hidden\" name=\"_wpcf7_unit_tag\" value=\"wpcf7-f11370-o1\" \/><input type=\"hidden\" name=\"_wpcf7_container_post\" value=\"0\" \/><input type=\"hidden\" name=\"_wpcf7_posted_data_hash\" value=\"\" \/><br \/>\n<\/fieldset>\n<p><label> Bandname<br \/>\n<span class=\"wpcf7-form-control-wrap\" data-name=\"band-name\"><input size=\"40\" maxlength=\"400\" class=\"wpcf7-form-control wpcf7-text wpcf7-validates-as-required\" aria-required=\"true\" aria-invalid=\"false\" value=\"\" type=\"text\" name=\"band-name\" \/><\/span> <\/label>\n<\/p>\n<p><label> Imagetext<br \/>\n<span class=\"wpcf7-form-control-wrap\" data-name=\"Imagetext\"><textarea cols=\"40\" rows=\"10\" maxlength=\"2000\" class=\"wpcf7-form-control wpcf7-textarea\" aria-invalid=\"false\" name=\"Imagetext\"><\/textarea><\/span> <\/label>\n<\/p>\n<p><label> Name Ansprechpartner<br \/>\n<span class=\"wpcf7-form-control-wrap\" data-name=\"ansprechpartner-name\"><input size=\"40\" maxlength=\"400\" class=\"wpcf7-form-control wpcf7-text wpcf7-validates-as-required\" aria-required=\"true\" aria-invalid=\"false\" value=\"\" type=\"text\" name=\"ansprechpartner-name\" \/><\/span> <\/label>\n<\/p>\n<p><label> E-Mail Ansprechpartner<br \/>\n<span class=\"wpcf7-form-control-wrap\" data-name=\"email\"><input size=\"40\" maxlength=\"400\" class=\"wpcf7-form-control wpcf7-text wpcf7-validates-as-required\" aria-required=\"true\" aria-invalid=\"false\" value=\"\" type=\"text\" name=\"email\" \/><\/span> <\/label>\n<\/p>\n<p><label> Logo (JPEG)<br \/>\n<span class=\"wpcf7-form-control-wrap\" data-name=\"Logojpg\"><input size=\"40\" class=\"wpcf7-form-control wpcf7-file wpcf7-validates-as-required\" accept=\".jpg,.jpeg\" aria-required=\"true\" aria-invalid=\"false\" type=\"file\" name=\"Logojpg\" \/><\/span><\/label>\n<\/p>\n<p><input class=\"wpcf7-form-control wpcf7-submit has-spinner\" type=\"submit\" value=\"Senden\" \/>\n<\/p>\n<div class=\"wpcf7-response-output\" aria-hidden=\"true\"><\/div>\n<\/form>\n<\/div>\n<p>&nbsp;<\/p>\n","protected":false},"excerpt":{"rendered":"<p>Radolfzell, ville de musique, dispose d&rsquo;une diversit\u00e9 unique de cr\u00e9ateurs de musique, jeunes et moins jeunes, de l&rsquo;orchestre d&rsquo;harmonie symphonique [&hellip;]<\/p>\n","protected":false},"author":1,"featured_media":0,"parent":0,"menu_order":0,"comment_status":"closed","ping_status":"closed","template":"page-layout1.php","meta":{"_price":"","_stock":"","_tribe_ticket_header":"","_tribe_default_ticket_provider":"","_ticket_start_date":"","_ticket_end_date":"","_tribe_ticket_show_description":"","_tribe_ticket_show_not_going":false,"_tribe_ticket_use_global_stock":"","_tribe_ticket_global_stock_level":"","_global_stock_mode":"","_global_stock_cap":"","_tribe_rsvp_for_event":"","_tribe_ticket_going_count":"","_tribe_ticket_not_going_count":"","_tribe_tickets_list":"[]","_tribe_ticket_has_attendee_info_fields":false,"footnotes":""},"class_list":["post-11023","page","type-page","status-publish","hentry"],"yoast_head":"<!-- This site is optimized with the Yoast SEO plugin v26.7 - https:\/\/yoast.com\/wordpress\/plugins\/seo\/ -->\n<title>Musique de Radolfzell | Kulturb\u00fcro Radolfzell<\/title>\n<meta name=\"robots\" content=\"index, follow, max-snippet:-1, max-image-preview:large, max-video-preview:-1\" \/>\n<link rel=\"canonical\" href=\"https:\/\/kulturbuero-radolfzell.de\/fr\/musique-de-radolfzell\/\" \/>\n<meta property=\"og:locale\" content=\"fr_FR\" \/>\n<meta property=\"og:type\" content=\"article\" \/>\n<meta property=\"og:title\" content=\"Musique de Radolfzell | Kulturb\u00fcro Radolfzell\" \/>\n<meta property=\"og:description\" content=\"Radolfzell, ville de musique, dispose d&rsquo;une diversit\u00e9 unique de cr\u00e9ateurs de musique, jeunes et moins jeunes, de l&rsquo;orchestre d&rsquo;harmonie symphonique [&hellip;]\" \/>\n<meta property=\"og:url\" content=\"https:\/\/kulturbuero-radolfzell.de\/fr\/musique-de-radolfzell\/\" \/>\n<meta property=\"og:site_name\" content=\"Kulturb\u00fcro\" \/>\n<meta name=\"twitter:card\" content=\"summary_large_image\" \/>\n<meta name=\"twitter:label1\" content=\"Dur\u00e9e de lecture estim\u00e9e\" \/>\n\t<meta name=\"twitter:data1\" content=\"1 minute\" \/>\n<script type=\"application\/ld+json\" class=\"yoast-schema-graph\">{\"@context\":\"https:\/\/schema.org\",\"@graph\":[{\"@type\":\"WebPage\",\"@id\":\"https:\/\/kulturbuero-radolfzell.de\/fr\/musique-de-radolfzell\/\",\"url\":\"https:\/\/kulturbuero-radolfzell.de\/fr\/musique-de-radolfzell\/\",\"name\":\"Musique de Radolfzell | Kulturb\u00fcro Radolfzell\",\"isPartOf\":{\"@id\":\"https:\/\/kulturbuero-radolfzell.de\/fr\/#website\"},\"datePublished\":\"2023-10-25T12:17:15+00:00\",\"breadcrumb\":{\"@id\":\"https:\/\/kulturbuero-radolfzell.de\/fr\/musique-de-radolfzell\/#breadcrumb\"},\"inLanguage\":\"fr-FR\",\"potentialAction\":[{\"@type\":\"ReadAction\",\"target\":[\"https:\/\/kulturbuero-radolfzell.de\/fr\/musique-de-radolfzell\/\"]}]},{\"@type\":\"BreadcrumbList\",\"@id\":\"https:\/\/kulturbuero-radolfzell.de\/fr\/musique-de-radolfzell\/#breadcrumb\",\"itemListElement\":[{\"@type\":\"ListItem\",\"position\":1,\"name\":\"Startseite\",\"item\":\"https:\/\/kulturbuero-radolfzell.de\/fr\/page-daccueil\/\"},{\"@type\":\"ListItem\",\"position\":2,\"name\":\"Musique de Radolfzell\"}]},{\"@type\":\"WebSite\",\"@id\":\"https:\/\/kulturbuero-radolfzell.de\/fr\/#website\",\"url\":\"https:\/\/kulturbuero-radolfzell.de\/fr\/\",\"name\":\"Kulturb\u00fcro\",\"description\":\"\",\"publisher\":{\"@id\":\"https:\/\/kulturbuero-radolfzell.de\/fr\/#organization\"},\"potentialAction\":[{\"@type\":\"SearchAction\",\"target\":{\"@type\":\"EntryPoint\",\"urlTemplate\":\"https:\/\/kulturbuero-radolfzell.de\/fr\/?s={search_term_string}\"},\"query-input\":{\"@type\":\"PropertyValueSpecification\",\"valueRequired\":true,\"valueName\":\"search_term_string\"}}],\"inLanguage\":\"fr-FR\"},{\"@type\":\"Organization\",\"@id\":\"https:\/\/kulturbuero-radolfzell.de\/fr\/#organization\",\"name\":\"Kulturb\u00fcro Radolfzell\",\"url\":\"https:\/\/kulturbuero-radolfzell.de\/fr\/\",\"logo\":{\"@type\":\"ImageObject\",\"inLanguage\":\"fr-FR\",\"@id\":\"https:\/\/kulturbuero-radolfzell.de\/fr\/#\/schema\/logo\/image\/\",\"url\":\"https:\/\/kulturbuero-radolfzell.de\/wp-content\/uploads\/sites\/9\/2018\/11\/logo.png\",\"contentUrl\":\"https:\/\/kulturbuero-radolfzell.de\/wp-content\/uploads\/sites\/9\/2018\/11\/logo.png\",\"width\":500,\"height\":251,\"caption\":\"Kulturb\u00fcro Radolfzell\"},\"image\":{\"@id\":\"https:\/\/kulturbuero-radolfzell.de\/fr\/#\/schema\/logo\/image\/\"}}]}<\/script>\n<!-- \/ Yoast SEO plugin. -->","yoast_head_json":{"title":"Musique de Radolfzell | Kulturb\u00fcro Radolfzell","robots":{"index":"index","follow":"follow","max-snippet":"max-snippet:-1","max-image-preview":"max-image-preview:large","max-video-preview":"max-video-preview:-1"},"canonical":"https:\/\/kulturbuero-radolfzell.de\/fr\/musique-de-radolfzell\/","og_locale":"fr_FR","og_type":"article","og_title":"Musique de Radolfzell | Kulturb\u00fcro Radolfzell","og_description":"Radolfzell, ville de musique, dispose d&rsquo;une diversit\u00e9 unique de cr\u00e9ateurs de musique, jeunes et moins jeunes, de l&rsquo;orchestre d&rsquo;harmonie symphonique [&hellip;]","og_url":"https:\/\/kulturbuero-radolfzell.de\/fr\/musique-de-radolfzell\/","og_site_name":"Kulturb\u00fcro","twitter_card":"summary_large_image","twitter_misc":{"Dur\u00e9e de lecture estim\u00e9e":"1 minute"},"schema":{"@context":"https:\/\/schema.org","@graph":[{"@type":"WebPage","@id":"https:\/\/kulturbuero-radolfzell.de\/fr\/musique-de-radolfzell\/","url":"https:\/\/kulturbuero-radolfzell.de\/fr\/musique-de-radolfzell\/","name":"Musique de Radolfzell | Kulturb\u00fcro Radolfzell","isPartOf":{"@id":"https:\/\/kulturbuero-radolfzell.de\/fr\/#website"},"datePublished":"2023-10-25T12:17:15+00:00","breadcrumb":{"@id":"https:\/\/kulturbuero-radolfzell.de\/fr\/musique-de-radolfzell\/#breadcrumb"},"inLanguage":"fr-FR","potentialAction":[{"@type":"ReadAction","target":["https:\/\/kulturbuero-radolfzell.de\/fr\/musique-de-radolfzell\/"]}]},{"@type":"BreadcrumbList","@id":"https:\/\/kulturbuero-radolfzell.de\/fr\/musique-de-radolfzell\/#breadcrumb","itemListElement":[{"@type":"ListItem","position":1,"name":"Startseite","item":"https:\/\/kulturbuero-radolfzell.de\/fr\/page-daccueil\/"},{"@type":"ListItem","position":2,"name":"Musique de Radolfzell"}]},{"@type":"WebSite","@id":"https:\/\/kulturbuero-radolfzell.de\/fr\/#website","url":"https:\/\/kulturbuero-radolfzell.de\/fr\/","name":"Kulturb\u00fcro","description":"","publisher":{"@id":"https:\/\/kulturbuero-radolfzell.de\/fr\/#organization"},"potentialAction":[{"@type":"SearchAction","target":{"@type":"EntryPoint","urlTemplate":"https:\/\/kulturbuero-radolfzell.de\/fr\/?s={search_term_string}"},"query-input":{"@type":"PropertyValueSpecification","valueRequired":true,"valueName":"search_term_string"}}],"inLanguage":"fr-FR"},{"@type":"Organization","@id":"https:\/\/kulturbuero-radolfzell.de\/fr\/#organization","name":"Kulturb\u00fcro Radolfzell","url":"https:\/\/kulturbuero-radolfzell.de\/fr\/","logo":{"@type":"ImageObject","inLanguage":"fr-FR","@id":"https:\/\/kulturbuero-radolfzell.de\/fr\/#\/schema\/logo\/image\/","url":"https:\/\/kulturbuero-radolfzell.de\/wp-content\/uploads\/sites\/9\/2018\/11\/logo.png","contentUrl":"https:\/\/kulturbuero-radolfzell.de\/wp-content\/uploads\/sites\/9\/2018\/11\/logo.png","width":500,"height":251,"caption":"Kulturb\u00fcro Radolfzell"},"image":{"@id":"https:\/\/kulturbuero-radolfzell.de\/fr\/#\/schema\/logo\/image\/"}}]}},"_links":{"self":[{"href":"https:\/\/kulturbuero-radolfzell.de\/fr\/wp-json\/wp\/v2\/pages\/11023","targetHints":{"allow":["GET"]}}],"collection":[{"href":"https:\/\/kulturbuero-radolfzell.de\/fr\/wp-json\/wp\/v2\/pages"}],"about":[{"href":"https:\/\/kulturbuero-radolfzell.de\/fr\/wp-json\/wp\/v2\/types\/page"}],"author":[{"embeddable":true,"href":"https:\/\/kulturbuero-radolfzell.de\/fr\/wp-json\/wp\/v2\/users\/1"}],"replies":[{"embeddable":true,"href":"https:\/\/kulturbuero-radolfzell.de\/fr\/wp-json\/wp\/v2\/comments?post=11023"}],"version-history":[{"count":0,"href":"https:\/\/kulturbuero-radolfzell.de\/fr\/wp-json\/wp\/v2\/pages\/11023\/revisions"}],"wp:attachment":[{"href":"https:\/\/kulturbuero-radolfzell.de\/fr\/wp-json\/wp\/v2\/media?parent=11023"}],"curies":[{"name":"wp","href":"https:\/\/api.w.org\/{rel}","templated":true}]}}