{"id":11036,"date":"2018-11-27T23:15:40","date_gmt":"2018-11-27T22:15:40","guid":{"rendered":"https:\/\/kulturbuero-radolfzell.de\/nuit-de-la-culture-a-radolfzell\/"},"modified":"2025-04-02T10:11:20","modified_gmt":"2025-04-02T08:11:20","slug":"nuit-de-la-culture-a-radolfzell","status":"publish","type":"page","link":"https:\/\/kulturbuero-radolfzell.de\/fr\/nuit-de-la-culture-a-radolfzell\/","title":{"rendered":"Nuit de la culture \u00e0 Radolfzell"},"content":{"rendered":"<h2>Point fort culturel de l&rsquo;Untersee<\/h2>\n<p>Les noctambules qui s&rsquo;int\u00e9ressent \u00e0 la culture noteront la date du 2 octobre. Depuis plus de 18 ans, la ville de Radolfzell invite \u00e0 cette date \u00e0 la Nuit de la culture de Radolfzell sous le slogan \u00ab\u00a0Nacht der K\u00fcnste\u00a0\u00bb.<\/p>\n<style type=\"text\/css\">\n\t\t\t#gallery-1 {\n\t\t\t\tmargin: auto;\n\t\t\t}\n\t\t\t#gallery-1 .gallery-item {\n\t\t\t\tfloat: left;\n\t\t\t\tmargin-top: 10px;\n\t\t\t\ttext-align: center;\n\t\t\t\twidth: 33%;\n\t\t\t}\n\t\t\t#gallery-1 img {\n\t\t\t\tborder: 2px solid #cfcfcf;\n\t\t\t}\n\t\t\t#gallery-1 .gallery-caption {\n\t\t\t\tmargin-left: 0;\n\t\t\t}\n\t\t\t\/* see gallery_shortcode() in wp-includes\/media.php *\/\n\t\t<\/style>\n<div id='gallery-1' class='gallery galleryid-11036 gallery-columns-3 gallery-size-thumbnail'>\n<dl class='gallery-item'>\n<dt class='gallery-icon landscape'>\n\t\t\t\t<a href='https:\/\/kulturbuero-radolfzell.de\/wp-content\/uploads\/sites\/9\/2024\/07\/Kulturbuero_Kulturnacht_Bildquelle-Michael-Schrodt-scaled.jpg' rel=\"lightbox[gallery-0]\"><img loading=\"lazy\" decoding=\"async\" width=\"150\" height=\"150\" src=\"https:\/\/kulturbuero-radolfzell.de\/wp-content\/uploads\/sites\/9\/2024\/07\/Kulturbuero_Kulturnacht_Bildquelle-Michael-Schrodt-150x150.jpg\" class=\"attachment-thumbnail size-thumbnail\" alt=\"\" aria-describedby=\"gallery-1-11840\" srcset=\"https:\/\/kulturbuero-radolfzell.de\/wp-content\/uploads\/sites\/9\/2024\/07\/Kulturbuero_Kulturnacht_Bildquelle-Michael-Schrodt-150x150.jpg 150w, https:\/\/kulturbuero-radolfzell.de\/wp-content\/uploads\/sites\/9\/2024\/07\/Kulturbuero_Kulturnacht_Bildquelle-Michael-Schrodt-400x400.jpg 400w\" sizes=\"auto, (max-width: 150px) 100vw, 150px\" \/><\/a>\n\t\t\t<\/dt>\n<dd class='wp-caption-text gallery-caption' id='gallery-1-11840'>\n\t\t\t\tBild: Michael Schrodt\n\t\t\t\t<\/dd>\n<\/dl>\n<dl class='gallery-item'>\n<dt class='gallery-icon landscape'>\n\t\t\t\t<a href='https:\/\/kulturbuero-radolfzell.de\/wp-content\/uploads\/sites\/9\/2019\/06\/rz_kulturnacht_zunfthaus_01.jpg' rel=\"lightbox[gallery-0]\"><img loading=\"lazy\" decoding=\"async\" width=\"150\" height=\"150\" src=\"https:\/\/kulturbuero-radolfzell.de\/wp-content\/uploads\/sites\/9\/2019\/06\/rz_kulturnacht_zunfthaus_01-150x150.jpg\" class=\"attachment-thumbnail size-thumbnail\" alt=\"\" aria-describedby=\"gallery-1-8807\" srcset=\"https:\/\/kulturbuero-radolfzell.de\/wp-content\/uploads\/sites\/9\/2019\/06\/rz_kulturnacht_zunfthaus_01-150x150.jpg 150w, https:\/\/kulturbuero-radolfzell.de\/wp-content\/uploads\/sites\/9\/2019\/06\/rz_kulturnacht_zunfthaus_01-400x400.jpg 400w, https:\/\/kulturbuero-radolfzell.de\/wp-content\/uploads\/sites\/9\/2019\/06\/rz_kulturnacht_zunfthaus_01-48x48.jpg 48w, https:\/\/kulturbuero-radolfzell.de\/wp-content\/uploads\/sites\/9\/2019\/06\/rz_kulturnacht_zunfthaus_01-300x300.jpg 300w\" sizes=\"auto, (max-width: 150px) 100vw, 150px\" \/><\/a>\n\t\t\t<\/dt>\n<dd class='wp-caption-text gallery-caption' id='gallery-1-8807'>\n\t\t\t\tFoto: Kuhnle &amp; Kn\u00f6dler\n\t\t\t\t<\/dd>\n<\/dl>\n<dl class='gallery-item'>\n<dt class='gallery-icon landscape'>\n\t\t\t\t<a href='https:\/\/kulturbuero-radolfzell.de\/wp-content\/uploads\/sites\/9\/2019\/06\/rz_kulturnacht_zunfthaus_04.jpg' rel=\"lightbox[gallery-0]\"><img loading=\"lazy\" decoding=\"async\" width=\"150\" height=\"150\" src=\"https:\/\/kulturbuero-radolfzell.de\/wp-content\/uploads\/sites\/9\/2019\/06\/rz_kulturnacht_zunfthaus_04-150x150.jpg\" class=\"attachment-thumbnail size-thumbnail\" alt=\"\" aria-describedby=\"gallery-1-8811\" srcset=\"https:\/\/kulturbuero-radolfzell.de\/wp-content\/uploads\/sites\/9\/2019\/06\/rz_kulturnacht_zunfthaus_04-150x150.jpg 150w, https:\/\/kulturbuero-radolfzell.de\/wp-content\/uploads\/sites\/9\/2019\/06\/rz_kulturnacht_zunfthaus_04-400x400.jpg 400w, https:\/\/kulturbuero-radolfzell.de\/wp-content\/uploads\/sites\/9\/2019\/06\/rz_kulturnacht_zunfthaus_04-48x48.jpg 48w, https:\/\/kulturbuero-radolfzell.de\/wp-content\/uploads\/sites\/9\/2019\/06\/rz_kulturnacht_zunfthaus_04-300x300.jpg 300w\" sizes=\"auto, (max-width: 150px) 100vw, 150px\" \/><\/a>\n\t\t\t<\/dt>\n<dd class='wp-caption-text gallery-caption' id='gallery-1-8811'>\n\t\t\t\tFoto: Kuhnle &amp; Kn\u00f6dler\n\t\t\t\t<\/dd>\n<\/dl>\n<p><br style=\"clear: both\" \/><\/p>\n<dl class='gallery-item'>\n<dt class='gallery-icon landscape'>\n\t\t\t\t<a href='https:\/\/kulturbuero-radolfzell.de\/wp-content\/uploads\/sites\/9\/2019\/06\/rz_kulturnacht_christuskirche_02.jpg' rel=\"lightbox[gallery-0]\"><img loading=\"lazy\" decoding=\"async\" width=\"150\" height=\"150\" src=\"https:\/\/kulturbuero-radolfzell.de\/wp-content\/uploads\/sites\/9\/2019\/06\/rz_kulturnacht_christuskirche_02-150x150.jpg\" class=\"attachment-thumbnail size-thumbnail\" alt=\"\" aria-describedby=\"gallery-1-8815\" srcset=\"https:\/\/kulturbuero-radolfzell.de\/wp-content\/uploads\/sites\/9\/2019\/06\/rz_kulturnacht_christuskirche_02-150x150.jpg 150w, https:\/\/kulturbuero-radolfzell.de\/wp-content\/uploads\/sites\/9\/2019\/06\/rz_kulturnacht_christuskirche_02-400x400.jpg 400w, https:\/\/kulturbuero-radolfzell.de\/wp-content\/uploads\/sites\/9\/2019\/06\/rz_kulturnacht_christuskirche_02-48x48.jpg 48w, https:\/\/kulturbuero-radolfzell.de\/wp-content\/uploads\/sites\/9\/2019\/06\/rz_kulturnacht_christuskirche_02-300x300.jpg 300w\" sizes=\"auto, (max-width: 150px) 100vw, 150px\" \/><\/a>\n\t\t\t<\/dt>\n<dd class='wp-caption-text gallery-caption' id='gallery-1-8815'>\n\t\t\t\tFoto: Kuhnle &amp; Kn\u00f6dler\n\t\t\t\t<\/dd>\n<\/dl>\n<dl class='gallery-item'>\n<dt class='gallery-icon landscape'>\n\t\t\t\t<a href='https:\/\/kulturbuero-radolfzell.de\/wp-content\/uploads\/sites\/9\/2019\/06\/rz_kulturnacht_liggeringen_03.jpg' rel=\"lightbox[gallery-0]\"><img loading=\"lazy\" decoding=\"async\" width=\"150\" height=\"150\" src=\"https:\/\/kulturbuero-radolfzell.de\/wp-content\/uploads\/sites\/9\/2019\/06\/rz_kulturnacht_liggeringen_03-150x150.jpg\" class=\"attachment-thumbnail size-thumbnail\" alt=\"\" aria-describedby=\"gallery-1-8819\" srcset=\"https:\/\/kulturbuero-radolfzell.de\/wp-content\/uploads\/sites\/9\/2019\/06\/rz_kulturnacht_liggeringen_03-150x150.jpg 150w, https:\/\/kulturbuero-radolfzell.de\/wp-content\/uploads\/sites\/9\/2019\/06\/rz_kulturnacht_liggeringen_03-400x400.jpg 400w, https:\/\/kulturbuero-radolfzell.de\/wp-content\/uploads\/sites\/9\/2019\/06\/rz_kulturnacht_liggeringen_03-48x48.jpg 48w, https:\/\/kulturbuero-radolfzell.de\/wp-content\/uploads\/sites\/9\/2019\/06\/rz_kulturnacht_liggeringen_03-300x300.jpg 300w\" sizes=\"auto, (max-width: 150px) 100vw, 150px\" \/><\/a>\n\t\t\t<\/dt>\n<dd class='wp-caption-text gallery-caption' id='gallery-1-8819'>\n\t\t\t\tFoto: Kuhnle &amp; Kn\u00f6dler\n\t\t\t\t<\/dd>\n<\/dl>\n<dl class='gallery-item'>\n<dt class='gallery-icon landscape'>\n\t\t\t\t<a href='https:\/\/kulturbuero-radolfzell.de\/wp-content\/uploads\/sites\/9\/2019\/06\/ndu_rathaus_0867.jpg' rel=\"lightbox[gallery-0]\"><img loading=\"lazy\" decoding=\"async\" width=\"150\" height=\"150\" src=\"https:\/\/kulturbuero-radolfzell.de\/wp-content\/uploads\/sites\/9\/2019\/06\/ndu_rathaus_0867-150x150.jpg\" class=\"attachment-thumbnail size-thumbnail\" alt=\"\" aria-describedby=\"gallery-1-8823\" srcset=\"https:\/\/kulturbuero-radolfzell.de\/wp-content\/uploads\/sites\/9\/2019\/06\/ndu_rathaus_0867-150x150.jpg 150w, https:\/\/kulturbuero-radolfzell.de\/wp-content\/uploads\/sites\/9\/2019\/06\/ndu_rathaus_0867-400x400.jpg 400w, https:\/\/kulturbuero-radolfzell.de\/wp-content\/uploads\/sites\/9\/2019\/06\/ndu_rathaus_0867-48x48.jpg 48w, https:\/\/kulturbuero-radolfzell.de\/wp-content\/uploads\/sites\/9\/2019\/06\/ndu_rathaus_0867-300x300.jpg 300w\" sizes=\"auto, (max-width: 150px) 100vw, 150px\" \/><\/a>\n\t\t\t<\/dt>\n<dd class='wp-caption-text gallery-caption' id='gallery-1-8823'>\n\t\t\t\tFoto: Michael Schrodt\n\t\t\t\t<\/dd>\n<\/dl>\n<p><br style=\"clear: both\" \/>\n\t\t<\/div>\n<p>&nbsp;<\/p>\n<hr>\n<p>Voici les artistes qui exposeront bient\u00f4t et les lieux de la Nuit de la culture 2025<\/p>\n<p>&nbsp;<\/p>\n","protected":false},"excerpt":{"rendered":"<p>Point fort culturel de l&rsquo;Untersee Les noctambules qui s&rsquo;int\u00e9ressent \u00e0 la culture noteront la date du 2 octobre. Depuis plus [&hellip;]<\/p>\n","protected":false},"author":1,"featured_media":0,"parent":0,"menu_order":0,"comment_status":"closed","ping_status":"closed","template":"page-layout1.php","meta":{"_price":"","_stock":"","_tribe_ticket_header":"","_tribe_default_ticket_provider":"","_ticket_start_date":"","_ticket_end_date":"","_tribe_ticket_show_description":"","_tribe_ticket_show_not_going":false,"_tribe_ticket_use_global_stock":"","_tribe_ticket_global_stock_level":"","_global_stock_mode":"","_global_stock_cap":"","_tribe_rsvp_for_event":"","_tribe_ticket_going_count":"","_tribe_ticket_not_going_count":"","_tribe_tickets_list":"[]","_tribe_ticket_has_attendee_info_fields":false,"footnotes":""},"class_list":["post-11036","page","type-page","status-publish","hentry"],"yoast_head":"<!-- This site is optimized with the Yoast SEO plugin v26.7 - https:\/\/yoast.com\/wordpress\/plugins\/seo\/ -->\n<title>Nuit de la culture \u00e0 Radolfzell | Kulturb\u00fcro Radolfzell<\/title>\n<meta name=\"description\" content=\"Vous trouverez ici des informations sur la Nuit culturelle de Radolfzell qui a lieu depuis plus de 15 ans \u00e0 Radolfzell et dans les quartiers.\" \/>\n<meta name=\"robots\" content=\"index, follow, max-snippet:-1, max-image-preview:large, max-video-preview:-1\" \/>\n<link rel=\"canonical\" href=\"https:\/\/kulturbuero-radolfzell.de\/fr\/nuit-de-la-culture-a-radolfzell\/\" \/>\n<meta property=\"og:locale\" content=\"fr_FR\" \/>\n<meta property=\"og:type\" content=\"article\" \/>\n<meta property=\"og:title\" content=\"Nuit de la culture \u00e0 Radolfzell | Kulturb\u00fcro Radolfzell\" \/>\n<meta property=\"og:description\" content=\"Vous trouverez ici des informations sur la Nuit culturelle de Radolfzell qui a lieu depuis plus de 15 ans \u00e0 Radolfzell et dans les quartiers.\" \/>\n<meta property=\"og:url\" content=\"https:\/\/kulturbuero-radolfzell.de\/fr\/nuit-de-la-culture-a-radolfzell\/\" \/>\n<meta property=\"og:site_name\" content=\"Kulturb\u00fcro\" \/>\n<meta property=\"article:modified_time\" content=\"2025-04-02T08:11:20+00:00\" \/>\n<meta property=\"og:image\" content=\"https:\/\/kulturbuero-radolfzell.de\/wp-content\/uploads\/sites\/9\/2024\/07\/Kulturbuero_Kulturnacht_Bildquelle-Michael-Schrodt-150x150.jpg\" \/>\n<meta name=\"twitter:card\" content=\"summary_large_image\" \/>\n<script type=\"application\/ld+json\" class=\"yoast-schema-graph\">{\"@context\":\"https:\/\/schema.org\",\"@graph\":[{\"@type\":\"WebPage\",\"@id\":\"https:\/\/kulturbuero-radolfzell.de\/fr\/nuit-de-la-culture-a-radolfzell\/\",\"url\":\"https:\/\/kulturbuero-radolfzell.de\/fr\/nuit-de-la-culture-a-radolfzell\/\",\"name\":\"Nuit de la culture \u00e0 Radolfzell | Kulturb\u00fcro Radolfzell\",\"isPartOf\":{\"@id\":\"https:\/\/kulturbuero-radolfzell.de\/fr\/#website\"},\"datePublished\":\"2018-11-27T22:15:40+00:00\",\"dateModified\":\"2025-04-02T08:11:20+00:00\",\"description\":\"Vous trouverez ici des informations sur la Nuit culturelle de Radolfzell qui a lieu depuis plus de 15 ans \u00e0 Radolfzell et dans les quartiers.\",\"breadcrumb\":{\"@id\":\"https:\/\/kulturbuero-radolfzell.de\/fr\/nuit-de-la-culture-a-radolfzell\/#breadcrumb\"},\"inLanguage\":\"fr-FR\",\"potentialAction\":[{\"@type\":\"ReadAction\",\"target\":[\"https:\/\/kulturbuero-radolfzell.de\/fr\/nuit-de-la-culture-a-radolfzell\/\"]}]},{\"@type\":\"BreadcrumbList\",\"@id\":\"https:\/\/kulturbuero-radolfzell.de\/fr\/nuit-de-la-culture-a-radolfzell\/#breadcrumb\",\"itemListElement\":[{\"@type\":\"ListItem\",\"position\":1,\"name\":\"Startseite\",\"item\":\"https:\/\/kulturbuero-radolfzell.de\/fr\/page-daccueil\/\"},{\"@type\":\"ListItem\",\"position\":2,\"name\":\"Nuit de la culture \u00e0 Radolfzell\"}]},{\"@type\":\"WebSite\",\"@id\":\"https:\/\/kulturbuero-radolfzell.de\/fr\/#website\",\"url\":\"https:\/\/kulturbuero-radolfzell.de\/fr\/\",\"name\":\"Kulturb\u00fcro\",\"description\":\"\",\"publisher\":{\"@id\":\"https:\/\/kulturbuero-radolfzell.de\/fr\/#organization\"},\"potentialAction\":[{\"@type\":\"SearchAction\",\"target\":{\"@type\":\"EntryPoint\",\"urlTemplate\":\"https:\/\/kulturbuero-radolfzell.de\/fr\/?s={search_term_string}\"},\"query-input\":{\"@type\":\"PropertyValueSpecification\",\"valueRequired\":true,\"valueName\":\"search_term_string\"}}],\"inLanguage\":\"fr-FR\"},{\"@type\":\"Organization\",\"@id\":\"https:\/\/kulturbuero-radolfzell.de\/fr\/#organization\",\"name\":\"Kulturb\u00fcro Radolfzell\",\"url\":\"https:\/\/kulturbuero-radolfzell.de\/fr\/\",\"logo\":{\"@type\":\"ImageObject\",\"inLanguage\":\"fr-FR\",\"@id\":\"https:\/\/kulturbuero-radolfzell.de\/fr\/#\/schema\/logo\/image\/\",\"url\":\"https:\/\/kulturbuero-radolfzell.de\/wp-content\/uploads\/sites\/9\/2018\/11\/logo.png\",\"contentUrl\":\"https:\/\/kulturbuero-radolfzell.de\/wp-content\/uploads\/sites\/9\/2018\/11\/logo.png\",\"width\":500,\"height\":251,\"caption\":\"Kulturb\u00fcro Radolfzell\"},\"image\":{\"@id\":\"https:\/\/kulturbuero-radolfzell.de\/fr\/#\/schema\/logo\/image\/\"}}]}<\/script>\n<!-- \/ Yoast SEO plugin. -->","yoast_head_json":{"title":"Nuit de la culture \u00e0 Radolfzell | Kulturb\u00fcro Radolfzell","description":"Vous trouverez ici des informations sur la Nuit culturelle de Radolfzell qui a lieu depuis plus de 15 ans \u00e0 Radolfzell et dans les quartiers.","robots":{"index":"index","follow":"follow","max-snippet":"max-snippet:-1","max-image-preview":"max-image-preview:large","max-video-preview":"max-video-preview:-1"},"canonical":"https:\/\/kulturbuero-radolfzell.de\/fr\/nuit-de-la-culture-a-radolfzell\/","og_locale":"fr_FR","og_type":"article","og_title":"Nuit de la culture \u00e0 Radolfzell | Kulturb\u00fcro Radolfzell","og_description":"Vous trouverez ici des informations sur la Nuit culturelle de Radolfzell qui a lieu depuis plus de 15 ans \u00e0 Radolfzell et dans les quartiers.","og_url":"https:\/\/kulturbuero-radolfzell.de\/fr\/nuit-de-la-culture-a-radolfzell\/","og_site_name":"Kulturb\u00fcro","article_modified_time":"2025-04-02T08:11:20+00:00","og_image":[{"url":"https:\/\/kulturbuero-radolfzell.de\/wp-content\/uploads\/sites\/9\/2024\/07\/Kulturbuero_Kulturnacht_Bildquelle-Michael-Schrodt-150x150.jpg","type":"","width":"","height":""}],"twitter_card":"summary_large_image","schema":{"@context":"https:\/\/schema.org","@graph":[{"@type":"WebPage","@id":"https:\/\/kulturbuero-radolfzell.de\/fr\/nuit-de-la-culture-a-radolfzell\/","url":"https:\/\/kulturbuero-radolfzell.de\/fr\/nuit-de-la-culture-a-radolfzell\/","name":"Nuit de la culture \u00e0 Radolfzell | Kulturb\u00fcro Radolfzell","isPartOf":{"@id":"https:\/\/kulturbuero-radolfzell.de\/fr\/#website"},"datePublished":"2018-11-27T22:15:40+00:00","dateModified":"2025-04-02T08:11:20+00:00","description":"Vous trouverez ici des informations sur la Nuit culturelle de Radolfzell qui a lieu depuis plus de 15 ans \u00e0 Radolfzell et dans les quartiers.","breadcrumb":{"@id":"https:\/\/kulturbuero-radolfzell.de\/fr\/nuit-de-la-culture-a-radolfzell\/#breadcrumb"},"inLanguage":"fr-FR","potentialAction":[{"@type":"ReadAction","target":["https:\/\/kulturbuero-radolfzell.de\/fr\/nuit-de-la-culture-a-radolfzell\/"]}]},{"@type":"BreadcrumbList","@id":"https:\/\/kulturbuero-radolfzell.de\/fr\/nuit-de-la-culture-a-radolfzell\/#breadcrumb","itemListElement":[{"@type":"ListItem","position":1,"name":"Startseite","item":"https:\/\/kulturbuero-radolfzell.de\/fr\/page-daccueil\/"},{"@type":"ListItem","position":2,"name":"Nuit de la culture \u00e0 Radolfzell"}]},{"@type":"WebSite","@id":"https:\/\/kulturbuero-radolfzell.de\/fr\/#website","url":"https:\/\/kulturbuero-radolfzell.de\/fr\/","name":"Kulturb\u00fcro","description":"","publisher":{"@id":"https:\/\/kulturbuero-radolfzell.de\/fr\/#organization"},"potentialAction":[{"@type":"SearchAction","target":{"@type":"EntryPoint","urlTemplate":"https:\/\/kulturbuero-radolfzell.de\/fr\/?s={search_term_string}"},"query-input":{"@type":"PropertyValueSpecification","valueRequired":true,"valueName":"search_term_string"}}],"inLanguage":"fr-FR"},{"@type":"Organization","@id":"https:\/\/kulturbuero-radolfzell.de\/fr\/#organization","name":"Kulturb\u00fcro Radolfzell","url":"https:\/\/kulturbuero-radolfzell.de\/fr\/","logo":{"@type":"ImageObject","inLanguage":"fr-FR","@id":"https:\/\/kulturbuero-radolfzell.de\/fr\/#\/schema\/logo\/image\/","url":"https:\/\/kulturbuero-radolfzell.de\/wp-content\/uploads\/sites\/9\/2018\/11\/logo.png","contentUrl":"https:\/\/kulturbuero-radolfzell.de\/wp-content\/uploads\/sites\/9\/2018\/11\/logo.png","width":500,"height":251,"caption":"Kulturb\u00fcro Radolfzell"},"image":{"@id":"https:\/\/kulturbuero-radolfzell.de\/fr\/#\/schema\/logo\/image\/"}}]}},"_links":{"self":[{"href":"https:\/\/kulturbuero-radolfzell.de\/fr\/wp-json\/wp\/v2\/pages\/11036","targetHints":{"allow":["GET"]}}],"collection":[{"href":"https:\/\/kulturbuero-radolfzell.de\/fr\/wp-json\/wp\/v2\/pages"}],"about":[{"href":"https:\/\/kulturbuero-radolfzell.de\/fr\/wp-json\/wp\/v2\/types\/page"}],"author":[{"embeddable":true,"href":"https:\/\/kulturbuero-radolfzell.de\/fr\/wp-json\/wp\/v2\/users\/1"}],"replies":[{"embeddable":true,"href":"https:\/\/kulturbuero-radolfzell.de\/fr\/wp-json\/wp\/v2\/comments?post=11036"}],"version-history":[{"count":6,"href":"https:\/\/kulturbuero-radolfzell.de\/fr\/wp-json\/wp\/v2\/pages\/11036\/revisions"}],"predecessor-version":[{"id":12642,"href":"https:\/\/kulturbuero-radolfzell.de\/fr\/wp-json\/wp\/v2\/pages\/11036\/revisions\/12642"}],"wp:attachment":[{"href":"https:\/\/kulturbuero-radolfzell.de\/fr\/wp-json\/wp\/v2\/media?parent=11036"}],"curies":[{"name":"wp","href":"https:\/\/api.w.org\/{rel}","templated":true}]}}