{"id":10967,"date":"2023-10-25T14:17:12","date_gmt":"2023-10-25T12:17:12","guid":{"rendered":"https:\/\/kulturbuero-radolfzell.de\/musikstadt\/"},"modified":"2023-10-25T14:17:12","modified_gmt":"2023-10-25T12:17:12","slug":"musikstadt","status":"publish","type":"page","link":"https:\/\/kulturbuero-radolfzell.de\/uk\/musikstadt\/","title":{"rendered":"Musikstadt"},"content":{"rendered":"<p>Radolfzell kann auf eine 300-j\u00e4hrige musikalische Tradition zur\u00fcckblicken. Bei 32.000 Einwohnern gibt es \u00fcber 2.000 aktive Musiker. Sie musizieren in Ensembles wie zum Beispiel der Stadtkapelle, dem Jugendblasorchester, den \u00f6rtlichen Musikvereinen, mehreren Ch\u00f6ren und nat\u00fcrlich auch als Solisten. Die musikalischen Formationen der engagierten regionalen Musiker, die Vielfalt der bespielten Genres, die Musikschule und die Internationale Sommerakademie sorgen daf\u00fcr, dass Radolfzell nicht nur in der Region f\u00fcr Musik auf einem herausragenden Niveau bekannt ist, sondern auch weit dar\u00fcber hinaus.<\/p>\n<p>Die Musikstadt am Bodensee zu sein, das bedeutet au\u00dferdem ein breites Angebot an Konzerten vor Ort, aber auch mit einer hohen Reichweite. Zahlreiche Veranstaltungen in den Ortsteilen B\u00f6hringen, G\u00fcttingen, Liggeringen, Markelfingen, M\u00f6ggingen, Stahringen, und nat\u00fcrlich in der Kernstadt auf dem Marktplatz, im Milchwerk, unter dem Konzertsegel und an der Konzertmuschel locken Radolfzeller und G\u00e4ste von \u00fcberall.<\/p>\n<h2>Das Projekt<\/h2>\n<p>Mit dem Projekt \u201eMusikstadt Radolfzell\u201c positioniert sich die Stadt regional und \u00fcberregional als relevanter Kulturstandort. F\u00fcr dieses Vorhaben hat sich bei einer Befragung der Radolfzeller B\u00fcrger und Touristen im Herbst 2016 eine Mehrheit von 70 Prozent ausgesprochen. Im Rahmen des Stadtentwicklungsplans \u201eSTEP 2030\u201c wurde deswegen beschlossen, die Identifikation der B\u00fcrger mit Musik zu festigen und der Bedeutung von Radolfzell als Musikstadt bundesweit Geltung zu verschaffen.<\/p>\n<p>Die Umsetzung des Projekts beruht auf drei S\u00e4ulen. Die erste S\u00e4ule vereint die musikalische Ausbildung und Nachwuchsf\u00f6rderung durch die Arbeit und die Angebote der Musikschule von der fr\u00fchkindlichen F\u00f6rderung bis zur Meisterklasse sowie durch zahlreiche Kooperationen mit Schulen und Vereinen.<\/p>\n<p>Einzigartige musikalische Veranstaltungen und Erfolgsgeschichten bilden die Schwerpunkte der zweiten S\u00e4ule. Neben stetiger Innovation in der Programmkonzeption stehen als Leuchtt\u00fcrme stellvertretend das Seefestival Radolfzell, die international bekannten Meisterkurse der Sommerakademie sowie Kooperationskonzerte mit der S\u00fcdwestdeutschen Philharmonie. Diese Veranstaltungen etablieren Radolfzell als Standort exzellenter Ausbildungs-m\u00f6glichkeiten und unvergesslicher Konzertangebote. Besonders zu unterstreichen sind dabei die vielen Musikprofis, die der Radolfzeller Musikausbildung entsprungen sind, weltweit bei namhaften Orchestern und Institutionen konzertieren und f\u00fcr ganz besondere Konzerte in die Musikstadt Radolfzell zur\u00fcckgeholt werden. Die dritte S\u00e4ule fokussiert sich auf das Kernthema der Musikstadt Radolfzell als Netzwerk und Plattform. Die Musikakteure der Stadt und deren k\u00fcnstlerisches Schaffen werden u.a. durch die neue Webseite kommuniziert und werden gleichzeitige zur aktiven Teilnahme und Pr\u00e4sentation motiviert. Die geschieht mit neuen Veranstaltungsformaten und Kooperationspartnern wie bspw. dem Milchwerk Musikfestival.<\/p>\n","protected":false},"excerpt":{"rendered":"<p>Radolfzell kann auf eine 300-j\u00e4hrige musikalische Tradition zur\u00fcckblicken. Bei 32.000 Einwohnern gibt es \u00fcber 2.000 aktive Musiker. Sie musizieren in [&hellip;]<\/p>\n","protected":false},"author":1,"featured_media":0,"parent":0,"menu_order":0,"comment_status":"closed","ping_status":"closed","template":"page-layout1.php","meta":{"_price":"","_stock":"","_tribe_ticket_header":"","_tribe_default_ticket_provider":"","_ticket_start_date":"","_ticket_end_date":"","_tribe_ticket_show_description":"","_tribe_ticket_show_not_going":false,"_tribe_ticket_use_global_stock":"","_tribe_ticket_global_stock_level":"","_global_stock_mode":"","_global_stock_cap":"","_tribe_rsvp_for_event":"","_tribe_ticket_going_count":"","_tribe_ticket_not_going_count":"","_tribe_tickets_list":"[]","_tribe_ticket_has_attendee_info_fields":false,"footnotes":""},"class_list":["post-10967","page","type-page","status-publish","hentry"],"yoast_head":"<!-- This site is optimized with the Yoast SEO plugin v26.7 - https:\/\/yoast.com\/wordpress\/plugins\/seo\/ -->\n<title>Musikstadt | Kulturb\u00fcro Radolfzell<\/title>\n<meta name=\"robots\" content=\"index, follow, max-snippet:-1, max-image-preview:large, max-video-preview:-1\" \/>\n<link rel=\"canonical\" href=\"https:\/\/kulturbuero-radolfzell.de\/uk\/musikstadt\/\" \/>\n<meta property=\"og:locale\" content=\"uk_UA\" \/>\n<meta property=\"og:type\" content=\"article\" \/>\n<meta property=\"og:title\" content=\"Musikstadt | Kulturb\u00fcro Radolfzell\" \/>\n<meta property=\"og:description\" content=\"Radolfzell kann auf eine 300-j\u00e4hrige musikalische Tradition zur\u00fcckblicken. Bei 32.000 Einwohnern gibt es \u00fcber 2.000 aktive Musiker. Sie musizieren in [&hellip;]\" \/>\n<meta property=\"og:url\" content=\"https:\/\/kulturbuero-radolfzell.de\/uk\/musikstadt\/\" \/>\n<meta property=\"og:site_name\" content=\"Kulturb\u00fcro\" \/>\n<meta name=\"twitter:card\" content=\"summary_large_image\" \/>\n<meta name=\"twitter:label1\" content=\"\u041f\u0440\u0438\u0431\u043b. \u0447\u0430\u0441 \u0447\u0438\u0442\u0430\u043d\u043d\u044f\" \/>\n\t<meta name=\"twitter:data1\" content=\"2 \u0445\u0432\u0438\u043b\u0438\u043d\u0438\" \/>\n<script type=\"application\/ld+json\" class=\"yoast-schema-graph\">{\"@context\":\"https:\/\/schema.org\",\"@graph\":[{\"@type\":\"WebPage\",\"@id\":\"https:\/\/kulturbuero-radolfzell.de\/uk\/musikstadt\/\",\"url\":\"https:\/\/kulturbuero-radolfzell.de\/uk\/musikstadt\/\",\"name\":\"Musikstadt | Kulturb\u00fcro Radolfzell\",\"isPartOf\":{\"@id\":\"https:\/\/kulturbuero-radolfzell.de\/uk\/#website\"},\"datePublished\":\"2023-10-25T12:17:12+00:00\",\"breadcrumb\":{\"@id\":\"https:\/\/kulturbuero-radolfzell.de\/uk\/musikstadt\/#breadcrumb\"},\"inLanguage\":\"uk\",\"potentialAction\":[{\"@type\":\"ReadAction\",\"target\":[\"https:\/\/kulturbuero-radolfzell.de\/uk\/musikstadt\/\"]}]},{\"@type\":\"BreadcrumbList\",\"@id\":\"https:\/\/kulturbuero-radolfzell.de\/uk\/musikstadt\/#breadcrumb\",\"itemListElement\":[{\"@type\":\"ListItem\",\"position\":1,\"name\":\"Startseite\",\"item\":\"https:\/\/kulturbuero-radolfzell.de\/uk\/%d0%b3%d0%be%d0%bb%d0%be%d0%b2%d0%bd%d0%b0-%d1%81%d1%82%d0%be%d1%80%d1%96%d0%bd%d0%ba%d0%b0\/\"},{\"@type\":\"ListItem\",\"position\":2,\"name\":\"Musikstadt\"}]},{\"@type\":\"WebSite\",\"@id\":\"https:\/\/kulturbuero-radolfzell.de\/uk\/#website\",\"url\":\"https:\/\/kulturbuero-radolfzell.de\/uk\/\",\"name\":\"Kulturb\u00fcro\",\"description\":\"\",\"publisher\":{\"@id\":\"https:\/\/kulturbuero-radolfzell.de\/uk\/#organization\"},\"potentialAction\":[{\"@type\":\"SearchAction\",\"target\":{\"@type\":\"EntryPoint\",\"urlTemplate\":\"https:\/\/kulturbuero-radolfzell.de\/uk\/?s={search_term_string}\"},\"query-input\":{\"@type\":\"PropertyValueSpecification\",\"valueRequired\":true,\"valueName\":\"search_term_string\"}}],\"inLanguage\":\"uk\"},{\"@type\":\"Organization\",\"@id\":\"https:\/\/kulturbuero-radolfzell.de\/uk\/#organization\",\"name\":\"Kulturb\u00fcro Radolfzell\",\"url\":\"https:\/\/kulturbuero-radolfzell.de\/uk\/\",\"logo\":{\"@type\":\"ImageObject\",\"inLanguage\":\"uk\",\"@id\":\"https:\/\/kulturbuero-radolfzell.de\/uk\/#\/schema\/logo\/image\/\",\"url\":\"https:\/\/kulturbuero-radolfzell.de\/wp-content\/uploads\/sites\/9\/2018\/11\/logo.png\",\"contentUrl\":\"https:\/\/kulturbuero-radolfzell.de\/wp-content\/uploads\/sites\/9\/2018\/11\/logo.png\",\"width\":500,\"height\":251,\"caption\":\"Kulturb\u00fcro Radolfzell\"},\"image\":{\"@id\":\"https:\/\/kulturbuero-radolfzell.de\/uk\/#\/schema\/logo\/image\/\"}}]}<\/script>\n<!-- \/ Yoast SEO plugin. -->","yoast_head_json":{"title":"Musikstadt | Kulturb\u00fcro Radolfzell","robots":{"index":"index","follow":"follow","max-snippet":"max-snippet:-1","max-image-preview":"max-image-preview:large","max-video-preview":"max-video-preview:-1"},"canonical":"https:\/\/kulturbuero-radolfzell.de\/uk\/musikstadt\/","og_locale":"uk_UA","og_type":"article","og_title":"Musikstadt | Kulturb\u00fcro Radolfzell","og_description":"Radolfzell kann auf eine 300-j\u00e4hrige musikalische Tradition zur\u00fcckblicken. Bei 32.000 Einwohnern gibt es \u00fcber 2.000 aktive Musiker. Sie musizieren in [&hellip;]","og_url":"https:\/\/kulturbuero-radolfzell.de\/uk\/musikstadt\/","og_site_name":"Kulturb\u00fcro","twitter_card":"summary_large_image","twitter_misc":{"\u041f\u0440\u0438\u0431\u043b. \u0447\u0430\u0441 \u0447\u0438\u0442\u0430\u043d\u043d\u044f":"2 \u0445\u0432\u0438\u043b\u0438\u043d\u0438"},"schema":{"@context":"https:\/\/schema.org","@graph":[{"@type":"WebPage","@id":"https:\/\/kulturbuero-radolfzell.de\/uk\/musikstadt\/","url":"https:\/\/kulturbuero-radolfzell.de\/uk\/musikstadt\/","name":"Musikstadt | Kulturb\u00fcro Radolfzell","isPartOf":{"@id":"https:\/\/kulturbuero-radolfzell.de\/uk\/#website"},"datePublished":"2023-10-25T12:17:12+00:00","breadcrumb":{"@id":"https:\/\/kulturbuero-radolfzell.de\/uk\/musikstadt\/#breadcrumb"},"inLanguage":"uk","potentialAction":[{"@type":"ReadAction","target":["https:\/\/kulturbuero-radolfzell.de\/uk\/musikstadt\/"]}]},{"@type":"BreadcrumbList","@id":"https:\/\/kulturbuero-radolfzell.de\/uk\/musikstadt\/#breadcrumb","itemListElement":[{"@type":"ListItem","position":1,"name":"Startseite","item":"https:\/\/kulturbuero-radolfzell.de\/uk\/%d0%b3%d0%be%d0%bb%d0%be%d0%b2%d0%bd%d0%b0-%d1%81%d1%82%d0%be%d1%80%d1%96%d0%bd%d0%ba%d0%b0\/"},{"@type":"ListItem","position":2,"name":"Musikstadt"}]},{"@type":"WebSite","@id":"https:\/\/kulturbuero-radolfzell.de\/uk\/#website","url":"https:\/\/kulturbuero-radolfzell.de\/uk\/","name":"Kulturb\u00fcro","description":"","publisher":{"@id":"https:\/\/kulturbuero-radolfzell.de\/uk\/#organization"},"potentialAction":[{"@type":"SearchAction","target":{"@type":"EntryPoint","urlTemplate":"https:\/\/kulturbuero-radolfzell.de\/uk\/?s={search_term_string}"},"query-input":{"@type":"PropertyValueSpecification","valueRequired":true,"valueName":"search_term_string"}}],"inLanguage":"uk"},{"@type":"Organization","@id":"https:\/\/kulturbuero-radolfzell.de\/uk\/#organization","name":"Kulturb\u00fcro Radolfzell","url":"https:\/\/kulturbuero-radolfzell.de\/uk\/","logo":{"@type":"ImageObject","inLanguage":"uk","@id":"https:\/\/kulturbuero-radolfzell.de\/uk\/#\/schema\/logo\/image\/","url":"https:\/\/kulturbuero-radolfzell.de\/wp-content\/uploads\/sites\/9\/2018\/11\/logo.png","contentUrl":"https:\/\/kulturbuero-radolfzell.de\/wp-content\/uploads\/sites\/9\/2018\/11\/logo.png","width":500,"height":251,"caption":"Kulturb\u00fcro Radolfzell"},"image":{"@id":"https:\/\/kulturbuero-radolfzell.de\/uk\/#\/schema\/logo\/image\/"}}]}},"_links":{"self":[{"href":"https:\/\/kulturbuero-radolfzell.de\/uk\/wp-json\/wp\/v2\/pages\/10967","targetHints":{"allow":["GET"]}}],"collection":[{"href":"https:\/\/kulturbuero-radolfzell.de\/uk\/wp-json\/wp\/v2\/pages"}],"about":[{"href":"https:\/\/kulturbuero-radolfzell.de\/uk\/wp-json\/wp\/v2\/types\/page"}],"author":[{"embeddable":true,"href":"https:\/\/kulturbuero-radolfzell.de\/uk\/wp-json\/wp\/v2\/users\/1"}],"replies":[{"embeddable":true,"href":"https:\/\/kulturbuero-radolfzell.de\/uk\/wp-json\/wp\/v2\/comments?post=10967"}],"version-history":[{"count":0,"href":"https:\/\/kulturbuero-radolfzell.de\/uk\/wp-json\/wp\/v2\/pages\/10967\/revisions"}],"wp:attachment":[{"href":"https:\/\/kulturbuero-radolfzell.de\/uk\/wp-json\/wp\/v2\/media?parent=10967"}],"curies":[{"name":"wp","href":"https:\/\/api.w.org\/{rel}","templated":true}]}}